{"id":1473,"date":"2020-04-15T13:31:34","date_gmt":"2020-04-15T13:31:34","guid":{"rendered":"https:\/\/www.schutzverpackung.eu\/?page_id=1473"},"modified":"2024-06-06T10:39:59","modified_gmt":"2024-06-06T08:39:59","slug":"standort-wetter","status":"publish","type":"page","link":"https:\/\/www.schutzverpackung.eu\/de\/hoffmann-gruppe\/standort-wetter\/","title":{"rendered":"Standort Wetter"},"content":{"rendered":"\t\t<div data-elementor-type=\"wp-page\" data-elementor-id=\"1473\" class=\"elementor elementor-1473\" data-elementor-post-type=\"page\">\n\t\t\t\t\t\t<section class=\"elementor-section elementor-top-section elementor-element elementor-element-7b88d3b elementor-section-full_width elementor-section-height-default elementor-section-height-default\" data-id=\"7b88d3b\" data-element_type=\"section\" data-e-type=\"section\">\n\t\t\t\t\t\t<div class=\"elementor-container elementor-column-gap-no\">\n\t\t\t\t\t<div class=\"elementor-column elementor-col-100 elementor-top-column elementor-element elementor-element-427619c animated-slow elementor-invisible\" data-id=\"427619c\" data-element_type=\"column\" data-e-type=\"column\" data-settings=\"{&quot;background_background&quot;:&quot;classic&quot;,&quot;background_motion_fx_motion_fx_scrolling&quot;:&quot;yes&quot;,&quot;background_motion_fx_translateY_effect&quot;:&quot;yes&quot;,&quot;animation&quot;:&quot;fadeIn&quot;,&quot;animation_delay&quot;:100,&quot;background_motion_fx_translateY_speed&quot;:{&quot;unit&quot;:&quot;px&quot;,&quot;size&quot;:4,&quot;sizes&quot;:[]},&quot;background_motion_fx_translateY_affectedRange&quot;:{&quot;unit&quot;:&quot;%&quot;,&quot;size&quot;:&quot;&quot;,&quot;sizes&quot;:{&quot;start&quot;:0,&quot;end&quot;:100}},&quot;background_motion_fx_devices&quot;:[&quot;desktop&quot;,&quot;tablet&quot;,&quot;mobile&quot;]}\">\n\t\t\t<div class=\"elementor-widget-wrap elementor-element-populated\">\n\t\t\t\t\t\t<div class=\"elementor-element elementor-element-416194f elementor-widget elementor-widget-spacer\" data-id=\"416194f\" data-element_type=\"widget\" data-e-type=\"widget\" data-widget_type=\"spacer.default\">\n\t\t\t\t<div class=\"elementor-widget-container\">\n\t\t\t\t\t\t\t<div class=\"elementor-spacer\">\n\t\t\t<div class=\"elementor-spacer-inner\"><\/div>\n\t\t<\/div>\n\t\t\t\t\t\t<\/div>\n\t\t\t\t<\/div>\n\t\t\t\t<div class=\"elementor-element elementor-element-ac2281a elementor-widget__width-auto elementor-absolute elementor-hidden-tablet elementor-hidden-phone elementor-widget elementor-widget-html\" data-id=\"ac2281a\" data-element_type=\"widget\" data-e-type=\"widget\" data-settings=\"{&quot;_position&quot;:&quot;absolute&quot;}\" data-widget_type=\"html.default\">\n\t\t\t\t<div class=\"elementor-widget-container\">\n\t\t\t\t\t<div class=\"scroll-rotate\">\n<span class=\"scroll-text \">Herunterscrollen<\/span><\/div>\n<img decoding=\"async\" class=\"vertikale-linie\" src=\"https:\/\/www.schutzverpackung.eu\/wp-content\/uploads\/2020\/02\/scroll-element.svg\" alt=\"\" title=\"\">\t\t\t\t<\/div>\n\t\t\t\t<\/div>\n\t\t\t\t\t<\/div>\n\t\t<\/div>\n\t\t\t\t\t<\/div>\n\t\t<\/section>\n\t\t\t\t<section class=\"elementor-section elementor-top-section elementor-element elementor-element-a0f584c elementor-section-full_width elementor-section-height-default elementor-section-height-default\" data-id=\"a0f584c\" data-element_type=\"section\" data-e-type=\"section\">\n\t\t\t\t\t\t<div class=\"elementor-container elementor-column-gap-no\">\n\t\t\t\t\t<div class=\"elementor-column elementor-col-50 elementor-top-column elementor-element elementor-element-f39f0e6 elementor-invisible\" data-id=\"f39f0e6\" data-element_type=\"column\" data-e-type=\"column\" data-settings=\"{&quot;background_background&quot;:&quot;classic&quot;,&quot;animation&quot;:&quot;slideInLeft&quot;,&quot;animation_delay&quot;:0}\">\n\t\t\t<div class=\"elementor-widget-wrap elementor-element-populated\">\n\t\t\t\t\t\t<div class=\"elementor-element elementor-element-7410724 elementor-widget elementor-widget-heading\" data-id=\"7410724\" data-element_type=\"widget\" data-e-type=\"widget\" data-widget_type=\"heading.default\">\n\t\t\t\t<div class=\"elementor-widget-container\">\n\t\t\t\t\t<h1 class=\"elementor-heading-title elementor-size-default\">01 Standort Wetter<\/h1>\t\t\t\t<\/div>\n\t\t\t\t<\/div>\n\t\t\t\t<div class=\"elementor-element elementor-element-763f77e elementor-widget elementor-widget-heading\" data-id=\"763f77e\" data-element_type=\"widget\" data-e-type=\"widget\" data-widget_type=\"heading.default\">\n\t\t\t\t<div class=\"elementor-widget-container\">\n\t\t\t\t\t<h2 class=\"elementor-heading-title elementor-size-default\">Ein Standort \u2013<br \/>\nUnz\u00e4hlige M\u00f6glichkeiten<\/h2>\t\t\t\t<\/div>\n\t\t\t\t<\/div>\n\t\t\t\t<div class=\"elementor-element elementor-element-65895ac elementor-widget elementor-widget-text-editor\" data-id=\"65895ac\" data-element_type=\"widget\" data-e-type=\"widget\" data-widget_type=\"text-editor.default\">\n\t\t\t\t<div class=\"elementor-widget-container\">\n\t\t\t\t\t\t\t\t\t<p class=\"p1\">An unserem Standort in Wetter\/Ruhr entwickelt\u00a0 Hoffmann Verpackung individuelle Schutz- und Transportverpackungen mit unz\u00e4hligen M\u00f6glichkeiten. Eigene Spezialisten f\u00fcr Entwicklung, Produktion, Lagerung, Transport und Logistik arbeiten gemeinsam mit einem akkreditierten Verpackungslabor und der internen Musterfertigung an der Umsetzung und Realisierung innovativer Produktideen.<\/p>\t\t\t\t\t\t\t\t<\/div>\n\t\t\t\t<\/div>\n\t\t\t\t\t<\/div>\n\t\t<\/div>\n\t\t\t\t<div class=\"elementor-column elementor-col-50 elementor-top-column elementor-element elementor-element-3f64625 elementor-hidden-tablet elementor-hidden-phone\" data-id=\"3f64625\" data-element_type=\"column\" data-e-type=\"column\">\n\t\t\t<div class=\"elementor-widget-wrap elementor-element-populated\">\n\t\t\t\t\t\t<div class=\"elementor-element elementor-element-c79e36f elementor-view-default elementor-widget elementor-widget-icon\" data-id=\"c79e36f\" data-element_type=\"widget\" data-e-type=\"widget\" data-widget_type=\"icon.default\">\n\t\t\t\t<div class=\"elementor-widget-container\">\n\t\t\t\t\t\t\t<div class=\"elementor-icon-wrapper\">\n\t\t\t<div class=\"elementor-icon\">\n\t\t\t<svg xmlns=\"http:\/\/www.w3.org\/2000\/svg\" viewBox=\"0 0 118.73 46.42\"><title>Standort-Wetter_Icon_gross<\/title><g data-name=\"Ebene 2\"><g data-name=\"Ebene 1\"><path d=\"M72.74,0h-42L0,18.42V38H30.94v8.45l45.16-.06h.12l21.39-13v-8h12.54l8.58-5.28V0h-46ZM31.1,1.31h85.71l-8.15,5h-4.15v0H62.44L50.7,13.57l-3.07,1.77h47L75.41,27H33.18L46.9,18.53l-44.64,0ZM97.61,24.06V14H63.27V7.6H94.05v0h14.42V24.06ZM62,14H52.4L62,8.12ZM1.3,36.67V19.88H42.22l-11.37,7,.09.15v9.63Zm30.94-8.39H74.8V45.06h-4l-38.52,0ZM76.1,44.91V28.08L96.31,15.84V32.66Zm33.68-20.82v0h0V7.17l7.66-4.72V19.38Z\"><\/path><\/g><\/g><\/svg>\t\t\t<\/div>\n\t\t<\/div>\n\t\t\t\t\t\t<\/div>\n\t\t\t\t<\/div>\n\t\t\t\t\t<\/div>\n\t\t<\/div>\n\t\t\t\t\t<\/div>\n\t\t<\/section>\n\t\t\t\t<section class=\"elementor-section elementor-top-section elementor-element elementor-element-b856204 elementor-section-boxed elementor-section-height-default elementor-section-height-default\" data-id=\"b856204\" data-element_type=\"section\" data-e-type=\"section\" data-settings=\"{&quot;background_background&quot;:&quot;classic&quot;}\">\n\t\t\t\t\t\t<div class=\"elementor-container elementor-column-gap-default\">\n\t\t\t\t\t<div class=\"elementor-column elementor-col-100 elementor-top-column elementor-element elementor-element-0d6d3b2\" data-id=\"0d6d3b2\" data-element_type=\"column\" data-e-type=\"column\">\n\t\t\t<div class=\"elementor-widget-wrap\">\n\t\t\t\t\t\t\t<\/div>\n\t\t<\/div>\n\t\t\t\t\t<\/div>\n\t\t<\/section>\n\t\t\t\t<section class=\"elementor-section elementor-top-section elementor-element elementor-element-e5f0f02 elementor-section-full_width elementor-section-stretched elementor-section-height-default elementor-section-height-default\" data-id=\"e5f0f02\" data-element_type=\"section\" data-e-type=\"section\" data-settings=\"{&quot;stretch_section&quot;:&quot;section-stretched&quot;}\">\n\t\t\t\t\t\t<div class=\"elementor-container elementor-column-gap-no\">\n\t\t\t\t\t<div class=\"elementor-column elementor-col-100 elementor-top-column elementor-element elementor-element-abf43ae\" data-id=\"abf43ae\" data-element_type=\"column\" data-e-type=\"column\">\n\t\t\t<div class=\"elementor-widget-wrap elementor-element-populated\">\n\t\t\t\t\t\t<div class=\"elementor-element elementor-element-7c94ac6 elementor-widget elementor-widget-text-editor\" data-id=\"7c94ac6\" data-element_type=\"widget\" data-e-type=\"widget\" data-widget_type=\"text-editor.default\">\n\t\t\t\t<div class=\"elementor-widget-container\">\n\t\t\t\t\t\t\t\t\t <div class=\"brlbs-cmpnt-container brlbs-cmpnt-content-blocker brlbs-cmpnt-with-individual-styles\" data-borlabs-cookie-content-blocker-id=\"default\" data-borlabs-cookie-content=\"PGRpdiBjbGFzcz0id3BnbXBfbWFwX2NvbnRhaW5lciB3cGdtcC1tYXAtcHJvdmlkZXItZ29vZ2xlIHdwZ21wLW1hcC0xIiByZWw9Im1hcDEiIGRhdGEtcGx1Z2luLXZlcnNpb249IjQuOS4zIj48ZGl2IGNsYXNzPSJ3cGdtcF9tYXBfcGFyZW50Ij48ZGl2IGNsYXNzPSJ3cGdtcF9tYXAgIiBzdHlsZT0id2lkdGg6MTAwJTtoZWlnaHQ6NTAwcHgiIGlkPSJtYXAxIiBkYXRhLW1hcC1pZD0iMSI+PC9kaXY+PC9kaXY+PC9kaXY+PHNjcmlwdD5qUXVlcnkoZG9jdW1lbnQpLnJlYWR5KGZ1bmN0aW9uKCQpeyB3aW5kb3cud3BnbXAgPSB3aW5kb3cud3BnbXAgfHwge307IHdpbmRvdy53cGdtcC5tYXBkYXRhMSA9ICJleUpoZFhSdmMyOXlkQ0k2ZEhKMVpTd2liV0Z3WDI5d2RHbHZibk1pT25zaVkyVnVkR1Z5WDJ4aGRDSTZJalV4TGpNNU5UZzBNQ0lzSW1ObGJuUmxjbDlzYm1jaU9pSTNMak0xT1RjNE1DSXNJbnB2YjIwaU9qRTJMQ0p0WVhCZmRIbHdaVjlwWkNJNklsSlBRVVJOUVZBaUxDSmpaVzUwWlhKZllubGZibVZoY21WemRDSTZabUZzYzJVc0ltWnBkRjlpYjNWdVpITWlPbVpoYkhObExDSnphRzkzWDJObGJuUmxjbDlqYVhKamJHVWlPbVpoYkhObExDSnphRzkzWDJObGJuUmxjbDl0WVhKclpYSWlPbVpoYkhObExDSmpaVzUwWlhKZmJXRnlhMlZ5WDJsamIyNGlPaUpvZEhSd2N6cGNMMXd2ZDNkM0xuTmphSFYwZW5abGNuQmhZMnQxYm1jdVpYVmNMM2R3TFdOdmJuUmxiblJjTDNWd2JHOWhaSE5jTHpJd01qUmNMekEyWEM5dFlYQXRhV052YmkweExuTjJaeUlzSW1SeVlXZG5ZV0pzWlNJNmRISjFaU3dpYzJOeWIyeHNYM2RvWldWc0lqb2labUZzYzJVaUxDSnRZWEpyWlhKZlpHVm1ZWFZzZEY5cFkyOXVJam9pYUhSMGNITTZYQzljTDNkM2R5NXpZMmgxZEhwMlpYSndZV05yZFc1bkxtVjFYQzkzY0MxamIyNTBaVzUwWEM5MWNHeHZZV1J6WEM4eU1ESTBYQzh3Tmx3dmJXRndMV2xqYjI0dE1TNXpkbWNpTENKcGJtWnZkMmx1Wkc5M1gzTmxkSFJwYm1jaU9pSThaR2wyUG50dFlYSnJaWEpmZEdsMGJHVjlQRnd2WkdsMlBqeGthWFkrZTIxaGNtdGxjbDloWkdSeVpYTnpmVHhjTDJScGRqNGlMQ0pwYm1admQybHVaRzkzWDNOcmFXNGlPbnNpYm1GdFpTSTZJbVJsWm1GMWJIUWlMQ0owZVhCbElqb2lhVzVtYjNkcGJtUnZkeUlzSW5OdmRYSmpaV052WkdVaU9pSThaR2wyUG50dFlYSnJaWEpmZEdsMGJHVjlQRnd2WkdsMlBqeGthWFkrZTIxaGNtdGxjbDloWkdSeVpYTnpmVHhjTDJScGRqNGlmU3dpYVc1bWIzZHBibVJ2ZDE5a2NtOXdYMkZ1YVcxaGRHbHZiaUk2Wm1Gc2MyVXNJbU5zYjNObFgybHVabTkzYVc1a2IzZGZiMjVmYldGd1gyTnNhV05ySWpwbVlXeHpaU3dpWkdWbVlYVnNkRjlwYm1admQybHVaRzkzWDI5d1pXNGlPbVpoYkhObExDSnBibVp2ZDJsdVpHOTNYMjl3Wlc1ZlpYWmxiblFpT2lKamJHbGpheUlzSW14cGMzUnBibWRmYVc1bWIzZHBibVJ2ZDE5dmNHVnVYMlYyWlc1MElqb2lZMnhwWTJzaUxDSnBjMTl0YjJKcGJHVWlPbVpoYkhObExDSnBibVp2ZDJsdVpHOTNYMlpwYkhSbGNsOXZibXg1SWpwbVlXeHpaU3dpYVc1bWIzZHBibVJ2ZDE5amJHbGphMTlqYUdGdVoyVmZZMlZ1ZEdWeUlqcG1ZV3h6WlN3aVpuVnNiRjl6WTNKbFpXNWZZMjl1ZEhKdmJDSTZkSEoxWlN3aVkyRnRaWEpoWDJOdmJuUnliMndpT21aaGJITmxMQ0p6WldGeVkyaGZZMjl1ZEhKdmJDSTZkSEoxWlN3aWVtOXZiVjlqYjI1MGNtOXNJanAwY25WbExDSnRZWEJmZEhsd1pWOWpiMjUwY205c0lqcDBjblZsTENKemRISmxaWFJmZG1sbGQxOWpiMjUwY205c0lqcDBjblZsTENKc2IyTmhkR1Z0WlY5amIyNTBjbTlzSWpwbVlXeHpaU3dpYlc5aWFXeGxYM053WldOcFptbGpJanBtWVd4elpTd2llbTl2YlY5dGIySnBiR1VpT2pVc0ltUnlZV2RuWVdKc1pWOXRiMkpwYkdVaU9uUnlkV1VzSW5OamNtOXNiRjkzYUdWbGJGOXRiMkpwYkdVaU9uUnlkV1VzSW1aMWJHeGZjMk55WldWdVgyTnZiblJ5YjJ4ZmNHOXphWFJwYjI0aU9pSlVUMUJmVEVWR1ZDSXNJbk5sWVhKamFGOWpiMjUwY205c1gzQnZjMmwwYVc5dUlqb2lWRTlRWDB4RlJsUWlMQ0o2YjI5dFgyTnZiblJ5YjJ4ZmNHOXphWFJwYjI0aU9pSlVUMUJmVEVWR1ZDSXNJbTFoY0Y5MGVYQmxYMk52Ym5SeWIyeGZjRzl6YVhScGIyNGlPaUpVVDFCZlRFVkdWQ0lzSW0xaGNGOTBlWEJsWDJOdmJuUnliMnhmYzNSNWJHVWlPaUpJVDFKSldrOU9WRUZNWDBKQlVpSXNJbk4wY21WbGRGOTJhV1YzWDJOdmJuUnliMnhmY0c5emFYUnBiMjRpT2lKVVQxQmZURVZHVkNJc0ltMWhjRjlwYm1admQybHVaRzkzWDJOMWMzUnZiV2x6WVhScGIyNXpJanBtWVd4elpTd2lhVzVtYjNkcGJtUnZkMTkzYVdSMGFDSTZJakV3TUNVaUxDSnphRzkzWDJsdVptOTNhVzVrYjNkZmFHVmhaR1Z5SWpwbVlXeHpaU3dpZW05dmJWOXNaWFpsYkY5aFpuUmxjbDl6WldGeVkyZ2lPakV3TENKa2IzVmliR1ZqYkdsamEzcHZiMjBpT21aaGJITmxMQ0pqZFhKeVpXNTBYM0J2YzNSZmIyNXNlU0k2Wm1Gc2MyVXNJbUZrZG1GdVkyVmZkR1Z0Y0d4aGRHVWlPbVpoYkhObExDSnRZWEJmZEdsc1pWOTFjbXdpT2lKb2RIUndjenBjTDF3dmUzTjlMblJwYkdVdWIzQmxibk4wY21WbGRHMWhjQzV2Y21kY0wzdDZmVnd2ZTNoOVhDOTdlWDB1Y0c1bklpd2liM0JsYm5OMGNtVmxkRjl6ZEhsc1pYTWlPbnNpVDNCbGJsTjBjbVZsZEUxaGNDNU5ZWEJ1YVdzaU9pSm9kSFJ3Y3pwY0wxd3ZlM045TG5ScGJHVXViM0JsYm5OMGNtVmxkRzFoY0M1dmNtZGNMM3Q2ZlZ3dmUzaDlYQzk3ZVgwdWNHNW5JaXdpVDNCbGJsTjBjbVZsZEUxaGNDNUVSU0k2SW1oMGRIQnpPbHd2WEM5N2MzMHVkR2xzWlM1dmNHVnVjM1J5WldWMGJXRndMbVJsWEM5MGFXeGxjMXd2YjNOdFpHVmNMM3Q2ZlZ3dmUzaDlYQzk3ZVgwdWNHNW5JaXdpVDNCbGJsTjBjbVZsZEUxaGNDNURTQ0k2SW1oMGRIQnpPbHd2WEM5MGFXeGxMbTl6YlM1amFGd3ZjM2RwZEhwbGNteGhibVJjTDN0NmZWd3ZlM2g5WEM5N2VYMHVjRzVuSWl3aVQzQmxibE4wY21WbGRFMWhjQzVHY21GdVkyVWlPaUpvZEhSd2N6cGNMMXd2ZTNOOUxuUnBiR1V1YjNCbGJuTjBjbVZsZEcxaGNDNW1jbHd2YjNOdFpuSmNMM3Q2ZlZ3dmUzaDlYQzk3ZVgwdWNHNW5JaXdpVDNCbGJsTjBjbVZsZEUxaGNDNUlUMVFpT2lKb2RIUndjenBjTDF3dmUzTjlMblJwYkdVdWIzQmxibk4wY21WbGRHMWhjQzVtY2x3dmFHOTBYQzk3ZW4xY0wzdDRmVnd2ZTNsOUxuQnVaeUlzSWs5d1pXNVRkSEpsWlhSTllYQXVRbHBJSWpvaWFIUjBjSE02WEM5Y0wzUnBiR1V1YjNCbGJuTjBjbVZsZEcxaGNDNWllbWhjTDJKeVhDOTdlbjFjTDN0NGZWd3ZlM2w5TG5CdVp5SXNJazl3Wlc1VWIzQnZUV0Z3SWpvaWFIUjBjSE02WEM5Y0wzdHpmUzUwYVd4bExtOXdaVzUwYjNCdmJXRndMbTl5WjF3dmUzcDlYQzk3ZUgxY0wzdDVmUzV3Ym1jaUxDSlVhSFZ1WkdWeVptOXlaWE4wTGs5d1pXNURlV05zWlUxaGNDSTZJbWgwZEhCek9sd3ZYQzlrWlhZdWUzTjlMblJwYkdVdWIzQmxibk4wY21WbGRHMWhjQzVtY2x3dlkzbGpiRzl6YlZ3dmUzcDlYQzk3ZUgxY0wzdDVmUzV3Ym1jaUxDSlBjR1Z1VFdGd1UzVnlabVZ5TGxKdllXUnpJam9pYUhSMGNITTZYQzljTDIxaGNITXVhR1ZwWjJsMExtOXlaMXd2YjNCbGJtMWhjSE4xY21abGNsd3ZkR2xzWlhOY0wzSnZZV1J6WEM5M1pXSnRaWEpqWVhSdmNsd3ZlM3A5WEM5N2VIMWNMM3Q1ZlM1d2JtY2lmU3dpYjNCbGJuTjBjbVZsZEY5emRIbHNaWE5mYldGeWEzVndJam9pUEhObGJHVmpkQ0JqYkdGemN6MWNJbmR3YjIxd1gyMWhjRjkwZVhCbFhDSStQRzl3ZEdsdmJpQjJZV3gxWlQxY0lrOXdaVzVUZEhKbFpYUk5ZWEF1VFdGd2JtbHJYQ0krVDNCbGJsTjBjbVZsZEUxaGNDNU5ZWEJ1YVdzOFhDOXZjSFJwYjI0K1BHOXdkR2x2YmlCMllXeDFaVDFjSWs5d1pXNVRkSEpsWlhSTllYQXVSRVZjSWo1UGNHVnVVM1J5WldWMFRXRndMa1JGUEZ3dmIzQjBhVzl1UGp4dmNIUnBiMjRnZG1Gc2RXVTlYQ0pQY0dWdVUzUnlaV1YwVFdGd0xrTklYQ0krVDNCbGJsTjBjbVZsZEUxaGNDNURTRHhjTDI5d2RHbHZiajQ4YjNCMGFXOXVJSFpoYkhWbFBWd2lUM0JsYmxOMGNtVmxkRTFoY0M1R2NtRnVZMlZjSWo1UGNHVnVVM1J5WldWMFRXRndMa1p5WVc1alpUeGNMMjl3ZEdsdmJqNDhiM0IwYVc5dUlIWmhiSFZsUFZ3aVQzQmxibE4wY21WbGRFMWhjQzVJVDFSY0lqNVBjR1Z1VTNSeVpXVjBUV0Z3TGtoUFZEeGNMMjl3ZEdsdmJqNDhiM0IwYVc5dUlIWmhiSFZsUFZ3aVQzQmxibE4wY21WbGRFMWhjQzVDV2toY0lqNVBjR1Z1VTNSeVpXVjBUV0Z3TGtKYVNEeGNMMjl3ZEdsdmJqNDhiM0IwYVc5dUlIWmhiSFZsUFZ3aVQzQmxibFJ2Y0c5TllYQmNJajVQY0dWdVZHOXdiMDFoY0R4Y0wyOXdkR2x2Ymo0OGIzQjBhVzl1SUhaaGJIVmxQVndpVkdoMWJtUmxjbVp2Y21WemRDNVBjR1Z1UTNsamJHVk5ZWEJjSWo1VWFIVnVaR1Z5Wm05eVpYTjBMazl3Wlc1RGVXTnNaVTFoY0R4Y0wyOXdkR2x2Ymo0OGIzQjBhVzl1SUhaaGJIVmxQVndpVDNCbGJrMWhjRk4xY21abGNpNVNiMkZrYzF3aVBrOXdaVzVOWVhCVGRYSm1aWEl1VW05aFpITThYQzl2Y0hScGIyNCtQRnd2YzJWc1pXTjBQaUlzSW0xaGNGOWliM2hmYzNSNWJHVnpYMjFoY210MWNDSTZJanh6Wld4bFkzUWdZMnhoYzNNOVhDSjNjRzl0Y0Y5dFlYQmliM2hmZEhsd1pWd2lQanh2Y0hScGIyNGdkbUZzZFdVOVhDSnpkSEpsWlhSekxYWXhNVndpUGxOMGNtVmxkSE04WEM5dmNIUnBiMjQrUEc5d2RHbHZiaUIyWVd4MVpUMWNJbXhwWjJoMExYWXhNRndpUGt4cFoyaDBQRnd2YjNCMGFXOXVQanh2Y0hScGIyNGdkbUZzZFdVOVhDSmtZWEpyTFhZeE1Gd2lQa1JoY21zOFhDOXZjSFJwYjI0K1BHOXdkR2x2YmlCMllXeDFaVDFjSW05MWRHUnZiM0p6TFhZeE1Wd2lQazkxZEdSdmIzSnpQRnd2YjNCMGFXOXVQanh2Y0hScGIyNGdkbUZzZFdVOVhDSnpZWFJsYkd4cGRHVXRkamxjSWo1VFlYUmxiR3hwZEdVOFhDOXZjSFJwYjI0K1BGd3ZjMlZzWldOMFBpSXNJbUp2ZFc1a1gyMWhjRjloWm5SbGNsOW1hV3gwWlhJaU9tWmhiSE5sTENKa2FYTndiR0Y1WDNKbGMyVjBYMkoxZEhSdmJpSTZabUZzYzJVc0ltMWhjRjl5WlhObGRGOWlkWFIwYjI1ZmRHVjRkQ0k2SWxwMWNseDFNREJtWTJOcmMyVjBlbVZ1SWl3aWFHVnBaMmgwSWpvaU5UQXdJaXdpZEdsc1pYTmZjSEp2ZG1sa1pYSWlPaUp2Y0dWdWMzUnlaV1YwSW4wc0luQnNZV05sY3lJNlczc2lhV1FpT2lJeElpd2lkR2wwYkdVaU9pSkRZWEpzSUVKbGNtNW9MaUJJYjJabWJXRnViaUJIYldKSUlpd2lZV1JrY21WemN5STZJa0YxWmlCa1pYSWdRbXhsYVdOb1pTQXlNaXdnVjJWMGRHVnlJaXdpYzI5MWNtTmxJam9pYldGdWRXRnNJaXdpWTI5dWRHVnVkQ0k2SWsxdlpHVnlibVVnVm1WeWNHRmphM1Z1Wnp4aWNpQmNMejVjY2x4dVEyRnliQ0JDWlhKdWFDNGdTRzltWm0xaGJtNGdSMjFpU0R4aWNpQmNMejVjY2x4dVFYVm1JR1JsY2lCQ2JHVnBZMmhsSURJeVBHSnlJRnd2UGx4eVhHNDFPRE13TUNCWFpYUjBaWEk4WW5JZ1hDOCtQR0p5SUZ3dlBseHlYRzQ4WVNCb2NtVm1QVndpYUhSMGNITTZYQzljTDNkM2R5NW5iMjluYkdVdVkyOXRYQzl0WVhCelhDOXdiR0ZqWlZ3dlFYVm1LMlJsY2l0Q2JHVnBZMmhsS3pJeUxDczFPRE13TUN0WFpYUjBaWElyS0ZKMWFISXBYQzlrWVhSaFBTRTBiVEloTTIweElURnpNSGcwTjJJNU1qTmlPVFF5TkRVM04ySTNPakI0WkdGaFl6bG1aRE14TkRZMll6STBOVDl6WVQxWUptRnRjRHQyWldROU1tRm9WVXRGZDJwWWJIUnBVWHBsY205QmFGWkhVMUpWU1VoWFFYUkRjMUZST0dkRmQwRkliMFZEUVhOUlFWRmNJaUIwWVhKblpYUTlYQ0pmWW14aGJtdGNJajVTYjNWMFpTQmlaWEpsWTJodVpXNDhYQzloUGlJc0lteHZZMkYwYVc5dUlqcDdJbWxqYjI0aU9pSm9kSFJ3Y3pwY0wxd3ZkM2QzTG5OamFIVjBlblpsY25CaFkydDFibWN1WlhWY0wzZHdMV052Ym5SbGJuUmNMM1Z3Ykc5aFpITmNMekl3TWpSY0x6QTJYQzl0WVhBdGFXTnZiaTB4TG5OMlp5SXNJbXhoZENJNklqVXhMak01TlRnME1DSXNJbXh1WnlJNklqY3VNelU1Tnpnd0lpd2liMjVqYkdsamExOWhZM1JwYjI0aU9pSnRZWEpyWlhJaUxDSnRZWEpyWlhKZmFXMWhaMlVpT2lJOFpHbDJJR05zWVhOelBTZG1ZeTFtWldGMGRYSmxMV2x0WnljK1BHbHRaeUJzYjJGa2FXNW5QU2RzWVhwNUp5QmtaV052WkdsdVp6MG5ZWE41Ym1NbklHRnNkRDBuUTJGeWJDQkNaWEp1YUM0Z1NHOW1abTFoYm00Z1IyMWlTQ2NnYzNKalBTZG9kSFJ3Y3pwY0wxd3ZkM2QzTG5OamFIVjBlblpsY25CaFkydDFibWN1WlhWY0wzZHdMV052Ym5SbGJuUmNMM0JzZFdkcGJuTmNMM2R3TFdkdmIyZHNaUzF0WVhBdGNHeDFaMmx1WEM5aGMzTmxkSE5jTDJsdFlXZGxjMXd2YzJGdGNHeGxMbXB3WnljZ1kyeGhjM005SjNkd1oyMXdYMjFoY210bGNsOXBiV0ZuWlNCbVl5MXBkR1Z0TFdabFlYUjFjbVZrWDJsdFlXZGxJR1pqTFdsMFpXMHRiR0Z5WjJVbklGd3ZQanhjTDJScGRqNGlMQ0p2Y0dWdVgyNWxkMTkwWVdJaU9pSjVaWE1pTENKaGJtbHRZWFJwYjI0aU9pSkNUMVZPUTBVaUxDSnBibVp2ZDJsdVpHOTNYMlJwYzJGaWJHVWlPblJ5ZFdVc0lucHZiMjBpT2pVc0ltVjRkSEpoWDJacFpXeGtjeUk2ZXlKc2FYTjBiM0prWlhJaU9qQjlmU3dpWTJGMFpXZHZjbWxsY3lJNlczc2libUZ0WlNJNklsVnVZMkYwWldkdmNtbGxjeUlzSW5SNWNHVWlPaUpqWVhSbFoyOXllU0o5WFgxZExDSnpkSGxzWlhNaU9pSmJJSHNnWENKbVpXRjBkWEpsVkhsd1pWd2lPaUJjSW5kaGRHVnlYQ0lzSUZ3aVpXeGxiV1Z1ZEZSNWNHVmNJam9nWENKblpXOXRaWFJ5ZVZ3aUxDQmNJbk4wZVd4bGNuTmNJam9nV3lCN0lGd2lZMjlzYjNKY0lqb2dYQ0lqWlRsbE9XVTVYQ0lnZlN3Z2V5QmNJbXhwWjJoMGJtVnpjMXdpT2lBeE55QjlJRjBnZlN3Z2V5QmNJbVpsWVhSMWNtVlVlWEJsWENJNklGd2liR0Z1WkhOallYQmxYQ0lzSUZ3aVpXeGxiV1Z1ZEZSNWNHVmNJam9nWENKblpXOXRaWFJ5ZVZ3aUxDQmNJbk4wZVd4bGNuTmNJam9nV3lCN0lGd2lZMjlzYjNKY0lqb2dYQ0lqWmpWbU5XWTFYQ0lnZlN3Z2V5QmNJbXhwWjJoMGJtVnpjMXdpT2lBeU1DQjlJRjBnZlN3Z2V5QmNJbVpsWVhSMWNtVlVlWEJsWENJNklGd2ljbTloWkM1b2FXZG9kMkY1WENJc0lGd2laV3hsYldWdWRGUjVjR1ZjSWpvZ1hDSm5aVzl0WlhSeWVTNW1hV3hzWENJc0lGd2ljM1I1YkdWeWMxd2lPaUJiSUhzZ1hDSmpiMnh2Y2x3aU9pQmNJaU5tWm1abVptWmNJaUI5TENCN0lGd2liR2xuYUhSdVpYTnpYQ0k2SURFM0lIMGdYU0I5TENCN0lGd2labVZoZEhWeVpWUjVjR1ZjSWpvZ1hDSnliMkZrTG1ocFoyaDNZWGxjSWl3Z1hDSmxiR1Z0Wlc1MFZIbHdaVndpT2lCY0ltZGxiMjFsZEhKNUxuTjBjbTlyWlZ3aUxDQmNJbk4wZVd4bGNuTmNJam9nV3lCN0lGd2lZMjlzYjNKY0lqb2dYQ0lqWm1abVptWm1YQ0lnZlN3Z2V5QmNJbXhwWjJoMGJtVnpjMXdpT2lBeU9TQjlMQ0I3SUZ3aWQyVnBaMmgwWENJNklEQXVNaUI5SUYwZ2ZTd2dleUJjSW1abFlYUjFjbVZVZVhCbFhDSTZJRndpY205aFpDNWhjblJsY21saGJGd2lMQ0JjSW1Wc1pXMWxiblJVZVhCbFhDSTZJRndpWjJWdmJXVjBjbmxjSWl3Z1hDSnpkSGxzWlhKelhDSTZJRnNnZXlCY0ltTnZiRzl5WENJNklGd2lJMlptWm1abVpsd2lJSDBzSUhzZ1hDSnNhV2RvZEc1bGMzTmNJam9nTVRnZ2ZTQmRJSDBzSUhzZ1hDSm1aV0YwZFhKbFZIbHdaVndpT2lCY0luSnZZV1F1Ykc5allXeGNJaXdnWENKbGJHVnRaVzUwVkhsd1pWd2lPaUJjSW1kbGIyMWxkSEo1WENJc0lGd2ljM1I1YkdWeWMxd2lPaUJiSUhzZ1hDSmpiMnh2Y2x3aU9pQmNJaU5tWm1abVptWmNJaUI5TENCN0lGd2liR2xuYUhSdVpYTnpYQ0k2SURFMklIMGdYU0I5TENCN0lGd2labVZoZEhWeVpWUjVjR1ZjSWpvZ1hDSndiMmxjSWl3Z1hDSmxiR1Z0Wlc1MFZIbHdaVndpT2lCY0ltZGxiMjFsZEhKNVhDSXNJRndpYzNSNWJHVnljMXdpT2lCYklIc2dYQ0pqYjJ4dmNsd2lPaUJjSWlObU5XWTFaalZjSWlCOUxDQjdJRndpYkdsbmFIUnVaWE56WENJNklESXhJSDBnWFNCOUxDQjdJRndpWm1WaGRIVnlaVlI1Y0dWY0lqb2dYQ0p3YjJrdWNHRnlhMXdpTENCY0ltVnNaVzFsYm5SVWVYQmxYQ0k2SUZ3aVoyVnZiV1YwY25sY0lpd2dYQ0p6ZEhsc1pYSnpYQ0k2SUZzZ2V5QmNJbU52Ykc5eVhDSTZJRndpSTJSbFpHVmtaVndpSUgwc0lIc2dYQ0pzYVdkb2RHNWxjM05jSWpvZ01qRWdmU0JkSUgwc0lIc2dYQ0psYkdWdFpXNTBWSGx3WlZ3aU9pQmNJbXhoWW1Wc2N5NTBaWGgwTG5OMGNtOXJaVndpTENCY0luTjBlV3hsY25OY0lqb2dXeUI3SUZ3aWRtbHphV0pwYkdsMGVWd2lPaUJjSW05dVhDSWdmU3dnZXlCY0ltTnZiRzl5WENJNklGd2lJMlptWm1abVpsd2lJSDBzSUhzZ1hDSnNhV2RvZEc1bGMzTmNJam9nTVRZZ2ZTQmRJSDBzSUhzZ1hDSmxiR1Z0Wlc1MFZIbHdaVndpT2lCY0lteGhZbVZzY3k1MFpYaDBMbVpwYkd4Y0lpd2dYQ0p6ZEhsc1pYSnpYQ0k2SUZzZ2V5QmNJbk5oZEhWeVlYUnBiMjVjSWpvZ016WWdmU3dnZXlCY0ltTnZiRzl5WENJNklGd2lJek16TXpNek0xd2lJSDBzSUhzZ1hDSnNhV2RvZEc1bGMzTmNJam9nTkRBZ2ZTQmRJSDBzSUhzZ1hDSmxiR1Z0Wlc1MFZIbHdaVndpT2lCY0lteGhZbVZzY3k1cFkyOXVYQ0lzSUZ3aWMzUjViR1Z5YzF3aU9pQmJJSHNnWENKMmFYTnBZbWxzYVhSNVhDSTZJRndpYjJabVhDSWdmU0JkSUgwc0lIc2dYQ0ptWldGMGRYSmxWSGx3WlZ3aU9pQmNJblJ5WVc1emFYUmNJaXdnWENKbGJHVnRaVzUwVkhsd1pWd2lPaUJjSW1kbGIyMWxkSEo1WENJc0lGd2ljM1I1YkdWeWMxd2lPaUJiSUhzZ1hDSmpiMnh2Y2x3aU9pQmNJaU5tTW1ZeVpqSmNJaUI5TENCN0lGd2liR2xuYUhSdVpYTnpYQ0k2SURFNUlIMGdYU0I5TENCN0lGd2labVZoZEhWeVpWUjVjR1ZjSWpvZ1hDSmhaRzFwYm1semRISmhkR2wyWlZ3aUxDQmNJbVZzWlcxbGJuUlVlWEJsWENJNklGd2laMlZ2YldWMGNua3VabWxzYkZ3aUxDQmNJbk4wZVd4bGNuTmNJam9nV3lCN0lGd2lZMjlzYjNKY0lqb2dYQ0lqWm1WbVpXWmxYQ0lnZlN3Z2V5QmNJbXhwWjJoMGJtVnpjMXdpT2lBeU1DQjlJRjBnZlN3Z2V5QmNJbVpsWVhSMWNtVlVlWEJsWENJNklGd2lZV1J0YVc1cGMzUnlZWFJwZG1WY0lpd2dYQ0psYkdWdFpXNTBWSGx3WlZ3aU9pQmNJbWRsYjIxbGRISjVMbk4wY205clpWd2lMQ0JjSW5OMGVXeGxjbk5jSWpvZ1d5QjdJRndpWTI5c2IzSmNJam9nWENJalptVm1aV1psWENJZ2ZTd2dleUJjSW14cFoyaDBibVZ6YzF3aU9pQXhOeUI5TENCN0lGd2lkMlZwWjJoMFhDSTZJREV1TWlCOUlGMGdmU0JkSWl3aWJXRndYM0J5YjNCbGNuUjVJanA3SW0xaGNGOXBaQ0k2SWpFaWZTd2ljMmhoY0dWeklqcDdJbVJ5WVhkcGJtZGZaV1JwZEdGaWJHVWlPbVpoYkhObGZTd2labWxzZEdWeWN5STZleUptYVd4MFpYSnpYMk52Ym5SaGFXNWxjaUk2SWx0a1lYUmhMV052Ym5SaGFXNWxjajFjSW5kd1oyMXdMV1pwYkhSbGNuTXRZMjl1ZEdGcGJtVnlYQ0pkSW4wc0ltZHNiMkpoYkY5elpYUjBhVzVuY3lJNlptRnNjMlVzSW5CeWIzWnBaR1Z5SWpvaVoyOXZaMnhsSWl3aVlYQnBTMlY1SWpvaUluMD0iOyB9KTs8L3NjcmlwdD4=\"><div class=\"brlbs-cmpnt-cb-preset-a\"> <p class=\"brlbs-cmpnt-cb-description\">Sie sehen gerade einen Platzhalterinhalt von <strong>Standard<\/strong>. Um auf den eigentlichen Inhalt zuzugreifen, klicken Sie auf den Button unten. Bitte beachten Sie, dass dabei Daten an Drittanbieter weitergegeben werden.<\/p> <div class=\"brlbs-cmpnt-cb-buttons\"> <a class=\"brlbs-cmpnt-cb-btn\" href=\"#\" data-borlabs-cookie-unblock role=\"button\">Inhalt entsperren<\/a> <a class=\"brlbs-cmpnt-cb-btn\" href=\"#\" data-borlabs-cookie-accept-service role=\"button\" style=\"display: none\">Erforderlichen Service akzeptieren und Inhalte entsperren<\/a> <\/div> <a class=\"brlbs-cmpnt-cb-provider-toggle\" href=\"#\" data-borlabs-cookie-show-provider-information role=\"button\">Weitere Informationen<\/a> <\/div><\/div>\t\t\t\t\t\t\t\t<\/div>\n\t\t\t\t<\/div>\n\t\t\t\t\t<\/div>\n\t\t<\/div>\n\t\t\t\t\t<\/div>\n\t\t<\/section>\n\t\t\t\t<\/div>\n\t\t","protected":false},"excerpt":{"rendered":"<p>An unserem Standort in Wetter\/Ruhr entwickelt  Hoffmann Verpackung individuelle Schutz- und Transportverpackungen mit unz\u00e4hligen M\u00f6glichkeiten.<\/p>\n","protected":false},"author":2,"featured_media":2342,"parent":22,"menu_order":0,"comment_status":"closed","ping_status":"closed","template":"elementor_header_footer","meta":{"footnotes":""},"class_list":["post-1473","page","type-page","status-publish","has-post-thumbnail","hentry"],"_links":{"self":[{"href":"https:\/\/www.schutzverpackung.eu\/de\/wp-json\/wp\/v2\/pages\/1473","targetHints":{"allow":["GET"]}}],"collection":[{"href":"https:\/\/www.schutzverpackung.eu\/de\/wp-json\/wp\/v2\/pages"}],"about":[{"href":"https:\/\/www.schutzverpackung.eu\/de\/wp-json\/wp\/v2\/types\/page"}],"author":[{"embeddable":true,"href":"https:\/\/www.schutzverpackung.eu\/de\/wp-json\/wp\/v2\/users\/2"}],"replies":[{"embeddable":true,"href":"https:\/\/www.schutzverpackung.eu\/de\/wp-json\/wp\/v2\/comments?post=1473"}],"version-history":[{"count":0,"href":"https:\/\/www.schutzverpackung.eu\/de\/wp-json\/wp\/v2\/pages\/1473\/revisions"}],"up":[{"embeddable":true,"href":"https:\/\/www.schutzverpackung.eu\/de\/wp-json\/wp\/v2\/pages\/22"}],"wp:featuredmedia":[{"embeddable":true,"href":"https:\/\/www.schutzverpackung.eu\/de\/wp-json\/wp\/v2\/media\/2342"}],"wp:attachment":[{"href":"https:\/\/www.schutzverpackung.eu\/de\/wp-json\/wp\/v2\/media?parent=1473"}],"curies":[{"name":"wp","href":"https:\/\/api.w.org\/{rel}","templated":true}]}}