{"id":16,"date":"2020-02-13T11:06:19","date_gmt":"2020-02-13T11:06:19","guid":{"rendered":"https:\/\/www.schutzverpackung.eu\/?page_id=16"},"modified":"2025-04-01T11:28:11","modified_gmt":"2025-04-01T09:28:11","slug":"impressum","status":"publish","type":"page","link":"https:\/\/www.schutzverpackung.eu\/de\/impressum\/","title":{"rendered":"Impressum"},"content":{"rendered":"\t\t<div data-elementor-type=\"wp-page\" data-elementor-id=\"16\" class=\"elementor elementor-16\" data-elementor-post-type=\"page\">\n\t\t\t\t\t\t<section class=\"elementor-section elementor-top-section elementor-element elementor-element-aafd0ea elementor-section-full_width elementor-section-height-default elementor-section-height-default\" data-id=\"aafd0ea\" data-element_type=\"section\" data-e-type=\"section\" data-settings=\"{&quot;background_background&quot;:&quot;classic&quot;}\">\n\t\t\t\t\t\t<div class=\"elementor-container elementor-column-gap-no\">\n\t\t\t\t\t<div class=\"elementor-column elementor-col-50 elementor-top-column elementor-element elementor-element-485d762\" data-id=\"485d762\" data-element_type=\"column\" data-e-type=\"column\" data-settings=\"{&quot;background_background&quot;:&quot;classic&quot;}\">\n\t\t\t<div class=\"elementor-widget-wrap\">\n\t\t\t\t\t\t\t<\/div>\n\t\t<\/div>\n\t\t\t\t<div class=\"elementor-column elementor-col-50 elementor-top-column elementor-element elementor-element-5739776 elementor-invisible\" data-id=\"5739776\" data-element_type=\"column\" data-e-type=\"column\" data-settings=\"{&quot;background_background&quot;:&quot;classic&quot;,&quot;animation&quot;:&quot;slideInRight&quot;,&quot;animation_delay&quot;:0}\">\n\t\t\t<div class=\"elementor-widget-wrap elementor-element-populated\">\n\t\t\t\t\t\t<div class=\"elementor-element elementor-element-33c3da2 elementor-widget elementor-widget-heading\" data-id=\"33c3da2\" data-element_type=\"widget\" data-e-type=\"widget\" data-widget_type=\"heading.default\">\n\t\t\t\t<div class=\"elementor-widget-container\">\n\t\t\t\t\t<h1 class=\"elementor-heading-title elementor-size-default\">Impressum<\/h1>\t\t\t\t<\/div>\n\t\t\t\t<\/div>\n\t\t\t\t<div class=\"elementor-element elementor-element-ef26e61 elementor-widget elementor-widget-text-editor\" data-id=\"ef26e61\" data-element_type=\"widget\" data-e-type=\"widget\" data-widget_type=\"text-editor.default\">\n\t\t\t\t<div class=\"elementor-widget-container\">\n\t\t\t\t\t\t\t\t\t<p class=\"bodytext\"><span class=\"s1\">Moderne Verpackung<br \/>Carl Bernh. Hoffmann GmbH<br \/>Auf der Bleiche 22<br \/>58300 Wetter (Ruhr)<\/span><\/p><p class=\"p1\"><span class=\"s2\"><a href=\"mailto:schutzverpackung@hoffmann-verpackung.de\">schutzverpackung@hoffmann-verpackung.de<\/a><br \/><\/span><span class=\"s1\">Telefon: <a href=\"tel:+49 2335 9798-0\">+49 2335 9798-0<\/a><br \/>\u00d6ffnungszeiten:<br \/>Mo-Fr 08:00Uhr &#8211; 17:00Uhr<\/span><\/p><p class=\"bodytext\">Gesch\u00e4ftsf\u00fchrer: Guido Coenen, Gianpaolo Stredl<br \/>Umsatzsteueridentnummer: DE 126 878 156<br \/>Handelsregister AG Hagen HRB 5109<br \/>Gerichtsstand ist Hagen<\/p><p class=\"bodytext\">Trotz sorgf\u00e4ltiger inhaltlicher Kontrolle \u00fcbernehmen wir keine Haftung f\u00fcr die Inhalte externer Links. F\u00fcr den Inhalt der verlinkten Seiten sind ausschlie\u00dflich deren Betreiber verantwortlich.<\/p><p class=\"bodytext\">Wir sind nicht bereit oder verpflichtet, an Streitbeilegungsverfahren vor einer Verbraucherschlichtungsstelle teilzunehmen.<\/p><h3>Konzeption, Design und Entwicklung der Website<\/h3><p>Schwarz+Matt GmbH<br \/><a href=\"https:\/\/www.schwarz-matt.com\/de\/\" target=\"_blank\" rel=\"noopener\">www.schwarz-matt.com<\/a><\/p>\t\t\t\t\t\t\t\t<\/div>\n\t\t\t\t<\/div>\n\t\t\t\t\t<\/div>\n\t\t<\/div>\n\t\t\t\t\t<\/div>\n\t\t<\/section>\n\t\t\t\t<\/div>\n\t\t","protected":false},"excerpt":{"rendered":"<p>Impressum Moderne VerpackungCarl Bernh. Hoffmann GmbHAuf der Bleiche 2258300 Wetter (Ruhr) schutzverpackung@hoffmann-verpackung.deTelefon: +49 2335 9798-0\u00d6ffnungszeiten:Mo-Fr 08:00Uhr &#8211; 17:00Uhr Gesch\u00e4ftsf\u00fchrer: Guido Coenen, Gianpaolo StredlUmsatzsteueridentnummer: DE 126 878 156Handelsregister AG Hagen HRB 5109Gerichtsstand ist Hagen Trotz sorgf\u00e4ltiger inhaltlicher Kontrolle \u00fcbernehmen wir keine Haftung f\u00fcr die Inhalte externer Links. F\u00fcr den Inhalt der verlinkten Seiten sind ausschlie\u00dflich deren [&hellip;]<\/p>\n","protected":false},"author":2,"featured_media":2284,"parent":0,"menu_order":0,"comment_status":"closed","ping_status":"closed","template":"elementor_header_footer","meta":{"footnotes":""},"class_list":["post-16","page","type-page","status-publish","has-post-thumbnail","hentry"],"_links":{"self":[{"href":"https:\/\/www.schutzverpackung.eu\/de\/wp-json\/wp\/v2\/pages\/16","targetHints":{"allow":["GET"]}}],"collection":[{"href":"https:\/\/www.schutzverpackung.eu\/de\/wp-json\/wp\/v2\/pages"}],"about":[{"href":"https:\/\/www.schutzverpackung.eu\/de\/wp-json\/wp\/v2\/types\/page"}],"author":[{"embeddable":true,"href":"https:\/\/www.schutzverpackung.eu\/de\/wp-json\/wp\/v2\/users\/2"}],"replies":[{"embeddable":true,"href":"https:\/\/www.schutzverpackung.eu\/de\/wp-json\/wp\/v2\/comments?post=16"}],"version-history":[{"count":0,"href":"https:\/\/www.schutzverpackung.eu\/de\/wp-json\/wp\/v2\/pages\/16\/revisions"}],"wp:featuredmedia":[{"embeddable":true,"href":"https:\/\/www.schutzverpackung.eu\/de\/wp-json\/wp\/v2\/media\/2284"}],"wp:attachment":[{"href":"https:\/\/www.schutzverpackung.eu\/de\/wp-json\/wp\/v2\/media?parent=16"}],"curies":[{"name":"wp","href":"https:\/\/api.w.org\/{rel}","templated":true}]}}