{"id":24,"date":"2020-02-13T11:06:51","date_gmt":"2020-02-13T11:06:51","guid":{"rendered":"https:\/\/www.schutzverpackung.eu\/?page_id=24"},"modified":"2023-07-31T13:43:38","modified_gmt":"2023-07-31T11:43:38","slug":"nachhaltigkeit","status":"publish","type":"page","link":"https:\/\/www.schutzverpackung.eu\/de\/hoffmann-gruppe\/nachhaltigkeit\/","title":{"rendered":"Nachhaltigkeit"},"content":{"rendered":"\t\t<div data-elementor-type=\"wp-page\" data-elementor-id=\"24\" class=\"elementor elementor-24\" data-elementor-post-type=\"page\">\n\t\t\t\t\t\t<section class=\"elementor-section elementor-top-section elementor-element elementor-element-e91d8c0 elementor-section-full_width elementor-section-height-default elementor-section-height-default\" data-id=\"e91d8c0\" data-element_type=\"section\" data-e-type=\"section\">\n\t\t\t\t\t\t<div class=\"elementor-container elementor-column-gap-no\">\n\t\t\t\t\t<div class=\"elementor-column elementor-col-100 elementor-top-column elementor-element elementor-element-be8954b animated-slow elementor-invisible\" data-id=\"be8954b\" data-element_type=\"column\" data-e-type=\"column\" data-settings=\"{&quot;background_background&quot;:&quot;classic&quot;,&quot;animation&quot;:&quot;fadeIn&quot;,&quot;animation_delay&quot;:100}\">\n\t\t\t<div class=\"elementor-widget-wrap elementor-element-populated\">\n\t\t\t\t\t\t<div class=\"elementor-element elementor-element-f1340f4 elementor-widget elementor-widget-spacer\" data-id=\"f1340f4\" data-element_type=\"widget\" data-e-type=\"widget\" data-widget_type=\"spacer.default\">\n\t\t\t\t<div class=\"elementor-widget-container\">\n\t\t\t\t\t\t\t<div class=\"elementor-spacer\">\n\t\t\t<div class=\"elementor-spacer-inner\"><\/div>\n\t\t<\/div>\n\t\t\t\t\t\t<\/div>\n\t\t\t\t<\/div>\n\t\t\t\t<div class=\"elementor-element elementor-element-4f405bb elementor-widget__width-auto elementor-absolute elementor-hidden-tablet elementor-hidden-phone elementor-widget elementor-widget-html\" data-id=\"4f405bb\" data-element_type=\"widget\" data-e-type=\"widget\" data-settings=\"{&quot;_position&quot;:&quot;absolute&quot;}\" data-widget_type=\"html.default\">\n\t\t\t\t<div class=\"elementor-widget-container\">\n\t\t\t\t\t<div class=\"scroll-rotate\">\n<span class=\"scroll-text \">Herunterscrollen<\/span><\/div>\n<img decoding=\"async\" class=\"vertikale-linie\" src=\"https:\/\/www.schutzverpackung.eu\/wp-content\/uploads\/2020\/02\/scroll-element.svg\" alt=\"\" title=\"\">\t\t\t\t<\/div>\n\t\t\t\t<\/div>\n\t\t\t\t\t<\/div>\n\t\t<\/div>\n\t\t\t\t\t<\/div>\n\t\t<\/section>\n\t\t\t\t<section class=\"elementor-section elementor-top-section elementor-element elementor-element-f1777a8 elementor-section-full_width elementor-section-height-default elementor-section-height-default\" data-id=\"f1777a8\" data-element_type=\"section\" data-e-type=\"section\">\n\t\t\t\t\t\t<div class=\"elementor-container elementor-column-gap-no\">\n\t\t\t\t\t<div class=\"elementor-column elementor-col-50 elementor-top-column elementor-element elementor-element-54262c4 elementor-invisible\" data-id=\"54262c4\" data-element_type=\"column\" data-e-type=\"column\" data-settings=\"{&quot;background_background&quot;:&quot;classic&quot;,&quot;animation&quot;:&quot;slideInLeft&quot;,&quot;animation_delay&quot;:0}\">\n\t\t\t<div class=\"elementor-widget-wrap elementor-element-populated\">\n\t\t\t\t\t\t<div class=\"elementor-element elementor-element-ae1a201 elementor-widget elementor-widget-heading\" data-id=\"ae1a201\" data-element_type=\"widget\" data-e-type=\"widget\" data-widget_type=\"heading.default\">\n\t\t\t\t<div class=\"elementor-widget-container\">\n\t\t\t\t\t<h1 class=\"elementor-heading-title elementor-size-default\">Nachhaltigkeit<\/h1>\t\t\t\t<\/div>\n\t\t\t\t<\/div>\n\t\t\t\t<div class=\"elementor-element elementor-element-20c6d1b elementor-widget elementor-widget-heading\" data-id=\"20c6d1b\" data-element_type=\"widget\" data-e-type=\"widget\" data-widget_type=\"heading.default\">\n\t\t\t\t<div class=\"elementor-widget-container\">\n\t\t\t\t\t<h2 class=\"elementor-heading-title elementor-size-default\">Zertifiziert und kontrolliert\n<\/h2>\t\t\t\t<\/div>\n\t\t\t\t<\/div>\n\t\t\t\t<div class=\"elementor-element elementor-element-0bb2190 elementor-widget elementor-widget-text-editor\" data-id=\"0bb2190\" data-element_type=\"widget\" data-e-type=\"widget\" data-widget_type=\"text-editor.default\">\n\t\t\t\t<div class=\"elementor-widget-container\">\n\t\t\t\t\t\t\t\t\t<p class=\"p1\"><span class=\"s1\">Alle PE-Materialien werden recycelt und an die Hersteller zur\u00fcckgef\u00fchrt.<br \/><\/span>Unsere hohen Anforderungen an die ressourcenschonende Produktion werden auch durch die Zertifizierung nach ISO 14001 dokumentiert. Unser Umweltbeauftragter \u00fcberwacht die Prozesse kontinuierlich.<\/p>\t\t\t\t\t\t\t\t<\/div>\n\t\t\t\t<\/div>\n\t\t\t\t\t<\/div>\n\t\t<\/div>\n\t\t\t\t<div class=\"elementor-column elementor-col-50 elementor-top-column elementor-element elementor-element-44b290d elementor-hidden-tablet elementor-hidden-phone\" data-id=\"44b290d\" data-element_type=\"column\" data-e-type=\"column\">\n\t\t\t<div class=\"elementor-widget-wrap elementor-element-populated\">\n\t\t\t\t\t\t<div class=\"elementor-element elementor-element-7faae6c elementor-view-default elementor-widget elementor-widget-icon\" data-id=\"7faae6c\" data-element_type=\"widget\" data-e-type=\"widget\" data-widget_type=\"icon.default\">\n\t\t\t\t<div class=\"elementor-widget-container\">\n\t\t\t\t\t\t\t<div class=\"elementor-icon-wrapper\">\n\t\t\t<div class=\"elementor-icon\">\n\t\t\t\t\t\t<\/div>\n\t\t<\/div>\n\t\t\t\t\t\t<\/div>\n\t\t\t\t<\/div>\n\t\t\t\t\t<\/div>\n\t\t<\/div>\n\t\t\t\t\t<\/div>\n\t\t<\/section>\n\t\t\t\t<section class=\"elementor-section elementor-top-section elementor-element elementor-element-643f13c elementor-section-boxed elementor-section-height-default elementor-section-height-default\" data-id=\"643f13c\" data-element_type=\"section\" data-e-type=\"section\" data-settings=\"{&quot;background_background&quot;:&quot;classic&quot;}\">\n\t\t\t\t\t\t<div class=\"elementor-container elementor-column-gap-default\">\n\t\t\t\t\t<div class=\"elementor-column elementor-col-100 elementor-top-column elementor-element elementor-element-c8dc469\" data-id=\"c8dc469\" data-element_type=\"column\" data-e-type=\"column\">\n\t\t\t<div class=\"elementor-widget-wrap\">\n\t\t\t\t\t\t\t<\/div>\n\t\t<\/div>\n\t\t\t\t\t<\/div>\n\t\t<\/section>\n\t\t\t\t<section class=\"elementor-section elementor-top-section elementor-element elementor-element-4f1ede8 elementor-section-full_width elementor-section-height-default elementor-section-height-default\" data-id=\"4f1ede8\" data-element_type=\"section\" data-e-type=\"section\" data-settings=\"{&quot;background_background&quot;:&quot;classic&quot;}\">\n\t\t\t\t\t\t<div class=\"elementor-container elementor-column-gap-no\">\n\t\t\t\t\t<div class=\"elementor-column elementor-col-50 elementor-top-column elementor-element elementor-element-654e21d\" data-id=\"654e21d\" data-element_type=\"column\" data-e-type=\"column\" data-settings=\"{&quot;background_background&quot;:&quot;classic&quot;}\">\n\t\t\t<div class=\"elementor-widget-wrap\">\n\t\t\t\t\t\t\t<\/div>\n\t\t<\/div>\n\t\t\t\t<div class=\"elementor-column elementor-col-50 elementor-top-column elementor-element elementor-element-a945630 elementor-invisible\" data-id=\"a945630\" data-element_type=\"column\" data-e-type=\"column\" data-settings=\"{&quot;background_background&quot;:&quot;classic&quot;,&quot;animation&quot;:&quot;slideInRight&quot;,&quot;animation_delay&quot;:300}\">\n\t\t\t<div class=\"elementor-widget-wrap elementor-element-populated\">\n\t\t\t\t\t\t<div class=\"elementor-element elementor-element-a17d03f elementor-widget elementor-widget-text-editor\" data-id=\"a17d03f\" data-element_type=\"widget\" data-e-type=\"widget\" data-widget_type=\"text-editor.default\">\n\t\t\t\t<div class=\"elementor-widget-container\">\n\t\t\t\t\t\t\t\t\t<h4 style=\"font-weight: 900;\">Umwelt- und Abfallmanagement<\/h4><p>Restabf\u00e4lle werden \u00fcber eine konsequente Trennung wieder in den Herstellungskreislauf zur\u00fcckgef\u00fchrt oder ordnungsgem\u00e4\u00df entsorgt. Die Getrenntsammlung und die Getrenntsammlungsquote werden selbstverst\u00e4ndlich kontinuierlich \u00fcberwacht.<br \/>Gleicherma\u00dfen setzen wir alle weiteren Ressourcen umweltschonend ein. Daf\u00fcr suchen wir immer nach L\u00f6sungen, um die Verbrauchsmengen an Energie, Wasser und Gas noch st\u00e4rker zu reduzieren.<br \/>Unsere Umweltaspekte \u00fcberpr\u00fcfen und bewerten wir regelm\u00e4\u00dfig, um daraus entsprechende Ma\u00dfnahmen abzuleiten.\u00a0<br \/>Aus den gewonnenen Erkenntnissen leiten wir Ma\u00dfnahmen ab, die wir konsequent umsetzen.<\/p>\t\t\t\t\t\t\t\t<\/div>\n\t\t\t\t<\/div>\n\t\t\t\t\t<\/div>\n\t\t<\/div>\n\t\t\t\t\t<\/div>\n\t\t<\/section>\n\t\t\t\t<section class=\"elementor-section elementor-top-section elementor-element elementor-element-656964b elementor-section-full_width elementor-section-height-default elementor-section-height-default\" data-id=\"656964b\" data-element_type=\"section\" data-e-type=\"section\" data-settings=\"{&quot;background_background&quot;:&quot;classic&quot;}\">\n\t\t\t\t\t\t<div class=\"elementor-container elementor-column-gap-no\">\n\t\t\t\t\t<div class=\"elementor-column elementor-col-50 elementor-top-column elementor-element elementor-element-15b4bcd elementor-invisible\" data-id=\"15b4bcd\" data-element_type=\"column\" data-e-type=\"column\" data-settings=\"{&quot;background_background&quot;:&quot;classic&quot;,&quot;animation&quot;:&quot;slideInLeft&quot;,&quot;animation_delay&quot;:300}\">\n\t\t\t<div class=\"elementor-widget-wrap elementor-element-populated\">\n\t\t\t\t\t\t<div class=\"elementor-element elementor-element-d79217b elementor-widget elementor-widget-text-editor\" data-id=\"d79217b\" data-element_type=\"widget\" data-e-type=\"widget\" data-widget_type=\"text-editor.default\">\n\t\t\t\t<div class=\"elementor-widget-container\">\n\t\t\t\t\t\t\t\t\t<h4 style=\"font-weight: 900;\">Nachhaltigkeit lernen<\/h4><p>Unsere Mitarbeiter sind die wichtigsten Botschafter, um Nachhaltigkeit im Alltag zu implementieren. Regelm\u00e4\u00dfige Schulungen, offene Kommunikation und Sensibilisierungsma\u00dfnahmen werden dabei zu wichtigen Instrumenten. So stellen wir sicher, dass der Umweltgedanke, unsere Unternehmenspolitik und -philosophie fester Bestandteil der gesamten Prozesskette bleibt.<\/p>\t\t\t\t\t\t\t\t<\/div>\n\t\t\t\t<\/div>\n\t\t\t\t\t<\/div>\n\t\t<\/div>\n\t\t\t\t<div class=\"elementor-column elementor-col-50 elementor-top-column elementor-element elementor-element-1c13602\" data-id=\"1c13602\" data-element_type=\"column\" data-e-type=\"column\" data-settings=\"{&quot;background_background&quot;:&quot;classic&quot;}\">\n\t\t\t<div class=\"elementor-widget-wrap\">\n\t\t\t\t\t\t\t<\/div>\n\t\t<\/div>\n\t\t\t\t\t<\/div>\n\t\t<\/section>\n\t\t\t\t<section class=\"elementor-section elementor-top-section elementor-element elementor-element-e402123 elementor-section-full_width elementor-section-height-default elementor-section-height-default\" data-id=\"e402123\" data-element_type=\"section\" data-e-type=\"section\" data-settings=\"{&quot;background_background&quot;:&quot;classic&quot;}\">\n\t\t\t\t\t\t<div class=\"elementor-container elementor-column-gap-no\">\n\t\t\t\t\t<div class=\"elementor-column elementor-col-50 elementor-top-column elementor-element elementor-element-5633824\" data-id=\"5633824\" data-element_type=\"column\" data-e-type=\"column\" data-settings=\"{&quot;background_background&quot;:&quot;classic&quot;}\">\n\t\t\t<div class=\"elementor-widget-wrap\">\n\t\t\t\t\t\t\t<\/div>\n\t\t<\/div>\n\t\t\t\t<div class=\"elementor-column elementor-col-50 elementor-top-column elementor-element elementor-element-c15c62e elementor-invisible\" data-id=\"c15c62e\" data-element_type=\"column\" data-e-type=\"column\" data-settings=\"{&quot;background_background&quot;:&quot;classic&quot;,&quot;animation&quot;:&quot;slideInRight&quot;,&quot;animation_delay&quot;:300}\">\n\t\t\t<div class=\"elementor-widget-wrap elementor-element-populated\">\n\t\t\t\t\t\t<div class=\"elementor-element elementor-element-e15924e elementor-widget elementor-widget-text-editor\" data-id=\"e15924e\" data-element_type=\"widget\" data-e-type=\"widget\" data-widget_type=\"text-editor.default\">\n\t\t\t\t<div class=\"elementor-widget-container\">\n\t\t\t\t\t\t\t\t\t<h4 style=\"font-weight: 900;\">Corporate Social Responsibility (CSR)<\/h4><p>Um unsere Nachhaltigkeit neben der Umwelt auch in Fragen von Menschen- und Arbeitsrecht, Ethik sowie einer nachhaltigen Beschaffung kontinuierlich zu verbessern, lassen wir seit dem Jahr 2020 unsere CSR Nachhaltigkeit mit Hilfe des Online Tools \u201eEcoVadis\u201c beurteilen.<\/p><p>EcoVadis ist eine kollaborative Plattform, die Nachhaltigkeits-Bewertungen und Leistungsverbesserung-Tools f\u00fcr globale Lieferketten anbietet.<\/p>\t\t\t\t\t\t\t\t<\/div>\n\t\t\t\t<\/div>\n\t\t\t\t<div class=\"elementor-element elementor-element-4fa75d2 elementor-view-default elementor-widget elementor-widget-icon\" data-id=\"4fa75d2\" data-element_type=\"widget\" data-e-type=\"widget\" data-widget_type=\"icon.default\">\n\t\t\t\t<div class=\"elementor-widget-container\">\n\t\t\t\t\t\t\t<div class=\"elementor-icon-wrapper\">\n\t\t\t<div class=\"elementor-icon\">\n\t\t\t<svg xmlns=\"http:\/\/www.w3.org\/2000\/svg\" xmlns:xlink=\"http:\/\/www.w3.org\/1999\/xlink\" id=\"download-icon\" x=\"0px\" y=\"0px\" viewBox=\"0 0 60.2 50\" style=\"enable-background:new 0 0 60.2 50;\" xml:space=\"preserve\"><g>\t<polygon points=\"40.4,24.8 39.5,23.8 30.7,31.4 30.7,11.7 29.5,11.7 29.5,31.4 20.7,23.8 19.9,24.8 30.1,33.6  \"><\/polygon>\t<path d=\"M5.1,0v50h50V0H5.1z M53.8,48.7H6.4V1.3h47.5v47.4H53.8z\"><\/path>\t<rect x=\"15.8\" y=\"38.4\" width=\"28.7\" height=\"1.3\"><\/rect><\/g><\/svg>\t\t\t<\/div>\n\t\t<\/div>\n\t\t\t\t\t\t<\/div>\n\t\t\t\t<\/div>\n\t\t\t\t<div class=\"elementor-element elementor-element-a045502 elementor-widget elementor-widget-shortcode\" data-id=\"a045502\" data-element_type=\"widget\" data-e-type=\"widget\" data-widget_type=\"shortcode.default\">\n\t\t\t\t<div class=\"elementor-widget-container\">\n\t\t\t\t\t\t\t<div class=\"elementor-shortcode\"><a  data-e-Disable-Page-Transition=\"true\" class=\"download-link\" title=\"\" href=\"https:\/\/www.schutzverpackung.eu\/de\/download\/2795\/?tmstv=1776662082\" rel=\"nofollow\" id=\"download-link-2795\" data-redirect=\"false\" >\n\tecovadis CSR-Rating Zertifikat<\/a>\n<\/div>\n\t\t\t\t\t\t<\/div>\n\t\t\t\t<\/div>\n\t\t\t\t<div class=\"elementor-element elementor-element-35b04f3 elementor-widget__width-auto elementor-absolute elementor-invisible elementor-widget elementor-widget-button\" data-id=\"35b04f3\" data-element_type=\"widget\" data-e-type=\"widget\" data-settings=\"{&quot;_position&quot;:&quot;absolute&quot;,&quot;_animation&quot;:&quot;fadeInRight&quot;}\" data-widget_type=\"button.default\">\n\t\t\t\t<div class=\"elementor-widget-container\">\n\t\t\t\t\t\t\t\t\t<div class=\"elementor-button-wrapper\">\n\t\t\t\t\t<a class=\"elementor-button elementor-button-link elementor-size-sm\" href=\"https:\/\/www.schutzverpackung.eu\/kontakt\/\">\n\t\t\t\t\t\t<span class=\"elementor-button-content-wrapper\">\n\t\t\t\t\t\t\t\t\t<span class=\"elementor-button-text\">Beratungstermin<br \/>vereinbaren<\/span>\n\t\t\t\t\t<\/span>\n\t\t\t\t\t<\/a>\n\t\t\t\t<\/div>\n\t\t\t\t\t\t\t\t<\/div>\n\t\t\t\t<\/div>\n\t\t\t\t\t<\/div>\n\t\t<\/div>\n\t\t\t\t\t<\/div>\n\t\t<\/section>\n\t\t\t\t<\/div>\n\t\t","protected":false},"excerpt":{"rendered":"<p>Herunterscrollen Nachhaltigkeit Zertifiziert und kontrolliert Alle PE-Materialien werden recycelt und an die Hersteller zur\u00fcckgef\u00fchrt.Unsere hohen Anforderungen an die ressourcenschonende Produktion werden auch durch die Zertifizierung nach ISO 14001 dokumentiert. Unser Umweltbeauftragter \u00fcberwacht die Prozesse kontinuierlich. Umwelt- und Abfallmanagement Restabf\u00e4lle werden \u00fcber eine konsequente Trennung wieder in den Herstellungskreislauf zur\u00fcckgef\u00fchrt oder ordnungsgem\u00e4\u00df entsorgt. Die Getrenntsammlung und [&hellip;]<\/p>\n","protected":false},"author":2,"featured_media":2389,"parent":22,"menu_order":0,"comment_status":"closed","ping_status":"closed","template":"elementor_header_footer","meta":{"footnotes":""},"class_list":["post-24","page","type-page","status-publish","has-post-thumbnail","hentry"],"_links":{"self":[{"href":"https:\/\/www.schutzverpackung.eu\/de\/wp-json\/wp\/v2\/pages\/24","targetHints":{"allow":["GET"]}}],"collection":[{"href":"https:\/\/www.schutzverpackung.eu\/de\/wp-json\/wp\/v2\/pages"}],"about":[{"href":"https:\/\/www.schutzverpackung.eu\/de\/wp-json\/wp\/v2\/types\/page"}],"author":[{"embeddable":true,"href":"https:\/\/www.schutzverpackung.eu\/de\/wp-json\/wp\/v2\/users\/2"}],"replies":[{"embeddable":true,"href":"https:\/\/www.schutzverpackung.eu\/de\/wp-json\/wp\/v2\/comments?post=24"}],"version-history":[{"count":0,"href":"https:\/\/www.schutzverpackung.eu\/de\/wp-json\/wp\/v2\/pages\/24\/revisions"}],"up":[{"embeddable":true,"href":"https:\/\/www.schutzverpackung.eu\/de\/wp-json\/wp\/v2\/pages\/22"}],"wp:featuredmedia":[{"embeddable":true,"href":"https:\/\/www.schutzverpackung.eu\/de\/wp-json\/wp\/v2\/media\/2389"}],"wp:attachment":[{"href":"https:\/\/www.schutzverpackung.eu\/de\/wp-json\/wp\/v2\/media?parent=24"}],"curies":[{"name":"wp","href":"https:\/\/api.w.org\/{rel}","templated":true}]}}