{"id":2714,"date":"2020-07-08T13:30:43","date_gmt":"2020-07-08T11:30:43","guid":{"rendered":"https:\/\/www.schutzverpackung.eu\/?page_id=2714"},"modified":"2020-12-01T10:50:50","modified_gmt":"2020-12-01T09:50:50","slug":"produktgalerie","status":"publish","type":"page","link":"https:\/\/www.schutzverpackung.eu\/de\/spezialverpackungen-produkte\/produktgalerie\/","title":{"rendered":"Produktgalerie"},"content":{"rendered":"\t\t<div data-elementor-type=\"wp-page\" data-elementor-id=\"2714\" class=\"elementor elementor-2714\" data-elementor-post-type=\"page\">\n\t\t\t\t\t\t<section class=\"elementor-section elementor-top-section elementor-element elementor-element-b743a16 elementor-section-full_width elementor-section-height-default elementor-section-height-default\" data-id=\"b743a16\" data-element_type=\"section\" data-e-type=\"section\" data-settings=\"{&quot;background_background&quot;:&quot;classic&quot;}\">\n\t\t\t\t\t\t<div class=\"elementor-container elementor-column-gap-no\">\n\t\t\t\t\t<div class=\"elementor-column elementor-col-50 elementor-top-column elementor-element elementor-element-59b1429\" data-id=\"59b1429\" data-element_type=\"column\" data-e-type=\"column\" data-settings=\"{&quot;background_background&quot;:&quot;classic&quot;}\">\n\t\t\t<div class=\"elementor-widget-wrap\">\n\t\t\t\t\t\t\t<\/div>\n\t\t<\/div>\n\t\t\t\t<div class=\"elementor-column elementor-col-50 elementor-top-column elementor-element elementor-element-c19a9e5 elementor-invisible\" data-id=\"c19a9e5\" data-element_type=\"column\" data-e-type=\"column\" data-settings=\"{&quot;background_background&quot;:&quot;classic&quot;,&quot;animation&quot;:&quot;slideInRight&quot;,&quot;animation_delay&quot;:0}\">\n\t\t\t<div class=\"elementor-widget-wrap elementor-element-populated\">\n\t\t\t\t\t\t<div class=\"elementor-element elementor-element-d4cbb49 elementor-widget elementor-widget-heading\" data-id=\"d4cbb49\" data-element_type=\"widget\" data-e-type=\"widget\" data-widget_type=\"heading.default\">\n\t\t\t\t<div class=\"elementor-widget-container\">\n\t\t\t\t\t<h1 class=\"elementor-heading-title elementor-size-default\">Produktgalerie<\/h1>\t\t\t\t<\/div>\n\t\t\t\t<\/div>\n\t\t\t\t<section class=\"elementor-section elementor-inner-section elementor-element elementor-element-7a7eaed elementor-section-boxed elementor-section-height-default elementor-section-height-default\" data-id=\"7a7eaed\" data-element_type=\"section\" data-e-type=\"section\">\n\t\t\t\t\t\t<div class=\"elementor-container elementor-column-gap-default\">\n\t\t\t\t\t<div class=\"elementor-column elementor-col-100 elementor-inner-column elementor-element elementor-element-ccf732c\" data-id=\"ccf732c\" data-element_type=\"column\" data-e-type=\"column\">\n\t\t\t<div class=\"elementor-widget-wrap elementor-element-populated\">\n\t\t\t\t\t\t<div class=\"elementor-element elementor-element-f403c2f elementor-gallery--filter-align-left elementor-widget elementor-widget-gallery\" data-id=\"f403c2f\" data-element_type=\"widget\" data-e-type=\"widget\" data-settings=\"{&quot;columns&quot;:3,&quot;lazyload&quot;:&quot;yes&quot;,&quot;gallery_layout&quot;:&quot;grid&quot;,&quot;columns_tablet&quot;:2,&quot;columns_mobile&quot;:1,&quot;gap&quot;:{&quot;unit&quot;:&quot;px&quot;,&quot;size&quot;:10,&quot;sizes&quot;:[]},&quot;gap_tablet&quot;:{&quot;unit&quot;:&quot;px&quot;,&quot;size&quot;:10,&quot;sizes&quot;:[]},&quot;gap_mobile&quot;:{&quot;unit&quot;:&quot;px&quot;,&quot;size&quot;:10,&quot;sizes&quot;:[]},&quot;link_to&quot;:&quot;file&quot;,&quot;aspect_ratio&quot;:&quot;3:2&quot;,&quot;show_all_galleries&quot;:&quot;yes&quot;,&quot;overlay_background&quot;:&quot;yes&quot;,&quot;content_hover_animation&quot;:&quot;fade-in&quot;}\" data-widget_type=\"gallery.default\">\n\t\t\t\t<div class=\"elementor-widget-container\">\n\t\t\t\t\t\t\t\t<div class=\"elementor-gallery__titles-container e--pointer-underline e--animation-fade\" aria-label=\"Galeriefilter\">\n\t\t\t\t\t\t\t\t\t<a class=\"elementor-item elementor-gallery-title\" role=\"button\" tabindex=\"0\" data-gallery-index=\"all\">\n\t\t\t\t\t\tAlle\t\t\t\t\t<\/a>\n\t\t\t\t\n\t\t\t\t\t\t\t\t\t<a class=\"elementor-item elementor-gallery-title\" role=\"button\" tabindex=\"0\" data-gallery-index=\"0\">\n\t\t\t\t\t\tKonstruktivverpackung\t\t\t\t\t<\/a>\n\t\t\t\t\t\t\t\t\t\t<a class=\"elementor-item elementor-gallery-title\" role=\"button\" tabindex=\"0\" data-gallery-index=\"1\">\n\t\t\t\t\t\tGefache-Trays-Beh\u00e4lter\t\t\t\t\t<\/a>\n\t\t\t\t\t\t\t\t\t\t<a class=\"elementor-item elementor-gallery-title\" role=\"button\" tabindex=\"0\" data-gallery-index=\"2\">\n\t\t\t\t\t\tEins\u00e4tze-Aufnahmen\t\t\t\t\t<\/a>\n\t\t\t\t\t\t\t\t\t\t<a class=\"elementor-item elementor-gallery-title\" role=\"button\" tabindex=\"0\" data-gallery-index=\"3\">\n\t\t\t\t\t\tLadungstr\u00e4ger\t\t\t\t\t<\/a>\n\t\t\t\t\t\t\t\t<\/div>\n\t\t\t\t\t<div class=\"elementor-gallery__container\">\n\t\t\t\t\t\t\t<a class=\"e-gallery-item elementor-gallery-item elementor-animated-content\" data-e-gallery-tags=\"0\" href=\"https:\/\/www.schutzverpackung.eu\/wp-content\/uploads\/2020\/06\/Konstruktiverpackungen_Unterseite.jpg\" data-elementor-open-lightbox=\"yes\" data-elementor-lightbox-slideshow=\"f403c2f\" data-elementor-lightbox-title=\"Konstruktiverpackungen_Unterseite\" data-e-action-hash=\"#elementor-action%3Aaction%3Dlightbox%26settings%3DeyJpZCI6MjUwMCwidXJsIjoiaHR0cHM6XC9cL3d3dy5zY2h1dHp2ZXJwYWNrdW5nLmV1XC93cC1jb250ZW50XC91cGxvYWRzXC8yMDIwXC8wNlwvS29uc3RydWt0aXZlcnBhY2t1bmdlbl9VbnRlcnNlaXRlLmpwZyIsInNsaWRlc2hvdyI6ImY0MDNjMmYifQ%3D%3D\">\n\t\t\t\t\t<div class=\"e-gallery-image elementor-gallery-item__image\" data-thumbnail=\"https:\/\/www.schutzverpackung.eu\/wp-content\/uploads\/2020\/06\/Konstruktiverpackungen_Unterseite.jpg\" data-width=\"1500\" data-height=\"1001\" aria-label=\"\" role=\"img\" ><\/div>\n\t\t\t\t\t\t\t\t\t\t\t<div class=\"elementor-gallery-item__overlay\"><\/div>\n\t\t\t\t\t\t\t\t\t\t\t\t\t\t<\/a>\n\t\t\t\t\t\t\t<a class=\"e-gallery-item elementor-gallery-item elementor-animated-content\" data-e-gallery-tags=\"0\" href=\"https:\/\/www.schutzverpackung.eu\/wp-content\/uploads\/2020\/04\/konstruktivverpackungen-unterseite-img01-e1592297033963.jpg\" data-elementor-open-lightbox=\"yes\" data-elementor-lightbox-slideshow=\"f403c2f\" data-elementor-lightbox-title=\"konstruktivverpackungen-unterseite-img01\" data-e-action-hash=\"#elementor-action%3Aaction%3Dlightbox%26settings%3DeyJpZCI6MTQ5OSwidXJsIjoiaHR0cHM6XC9cL3d3dy5zY2h1dHp2ZXJwYWNrdW5nLmV1XC93cC1jb250ZW50XC91cGxvYWRzXC8yMDIwXC8wNFwva29uc3RydWt0aXZ2ZXJwYWNrdW5nZW4tdW50ZXJzZWl0ZS1pbWcwMS1lMTU5MjI5NzAzMzk2My5qcGciLCJzbGlkZXNob3ciOiJmNDAzYzJmIn0%3D\">\n\t\t\t\t\t<div class=\"e-gallery-image elementor-gallery-item__image\" data-thumbnail=\"https:\/\/www.schutzverpackung.eu\/wp-content\/uploads\/2020\/04\/konstruktivverpackungen-unterseite-img01-e1592297033963.jpg\" data-width=\"1500\" data-height=\"1001\" aria-label=\"konstruktivverpackungen-unterseite-img01\" role=\"img\" ><\/div>\n\t\t\t\t\t\t\t\t\t\t\t<div class=\"elementor-gallery-item__overlay\"><\/div>\n\t\t\t\t\t\t\t\t\t\t\t\t\t\t<\/a>\n\t\t\t\t\t\t\t<a class=\"e-gallery-item elementor-gallery-item elementor-animated-content\" data-e-gallery-tags=\"0\" href=\"https:\/\/www.schutzverpackung.eu\/wp-content\/uploads\/2020\/08\/Konstruktiv-4-scaled.jpg\" data-elementor-open-lightbox=\"yes\" data-elementor-lightbox-slideshow=\"f403c2f\" data-elementor-lightbox-title=\"Konstruktiv-4\" data-e-action-hash=\"#elementor-action%3Aaction%3Dlightbox%26settings%3DeyJpZCI6MjgyNCwidXJsIjoiaHR0cHM6XC9cL3d3dy5zY2h1dHp2ZXJwYWNrdW5nLmV1XC93cC1jb250ZW50XC91cGxvYWRzXC8yMDIwXC8wOFwvS29uc3RydWt0aXYtNC1zY2FsZWQuanBnIiwic2xpZGVzaG93IjoiZjQwM2MyZiJ9\">\n\t\t\t\t\t<div class=\"e-gallery-image elementor-gallery-item__image\" data-thumbnail=\"https:\/\/www.schutzverpackung.eu\/wp-content\/uploads\/2020\/08\/Konstruktiv-4-scaled.jpg\" data-width=\"2560\" data-height=\"1118\" aria-label=\"Konstruktiv-4\" role=\"img\" ><\/div>\n\t\t\t\t\t\t\t\t\t\t\t<div class=\"elementor-gallery-item__overlay\"><\/div>\n\t\t\t\t\t\t\t\t\t\t\t\t\t\t<\/a>\n\t\t\t\t\t\t\t<a class=\"e-gallery-item elementor-gallery-item elementor-animated-content\" data-e-gallery-tags=\"1\" href=\"https:\/\/www.schutzverpackung.eu\/wp-content\/uploads\/2020\/03\/Header_GefacheTray_Unterseite-e1592297229533.jpg\" data-elementor-open-lightbox=\"yes\" data-elementor-lightbox-slideshow=\"f403c2f\" data-elementor-lightbox-title=\"Header_Gefache:Tray_Unterseite\" data-e-action-hash=\"#elementor-action%3Aaction%3Dlightbox%26settings%3DeyJpZCI6MTA1NiwidXJsIjoiaHR0cHM6XC9cL3d3dy5zY2h1dHp2ZXJwYWNrdW5nLmV1XC93cC1jb250ZW50XC91cGxvYWRzXC8yMDIwXC8wM1wvSGVhZGVyX0dlZmFjaGVUcmF5X1VudGVyc2VpdGUtZTE1OTIyOTcyMjk1MzMuanBnIiwic2xpZGVzaG93IjoiZjQwM2MyZiJ9\">\n\t\t\t\t\t<div class=\"e-gallery-image elementor-gallery-item__image\" data-thumbnail=\"https:\/\/www.schutzverpackung.eu\/wp-content\/uploads\/2020\/03\/Header_GefacheTray_Unterseite-e1592297229533.jpg\" data-width=\"1500\" data-height=\"1001\" aria-label=\"Header_Gefache:Tray_Unterseite\" role=\"img\" ><\/div>\n\t\t\t\t\t\t\t\t\t\t\t<div class=\"elementor-gallery-item__overlay\"><\/div>\n\t\t\t\t\t\t\t\t\t\t\t\t\t\t<\/a>\n\t\t\t\t\t\t\t<a class=\"e-gallery-item elementor-gallery-item elementor-animated-content\" data-e-gallery-tags=\"1\" href=\"https:\/\/www.schutzverpackung.eu\/wp-content\/uploads\/2020\/03\/GefacheTray_Unterseite-e1592297222902.jpg\" data-elementor-open-lightbox=\"yes\" data-elementor-lightbox-slideshow=\"f403c2f\" data-elementor-lightbox-title=\"Gefache:Tray_Unterseite\" data-e-action-hash=\"#elementor-action%3Aaction%3Dlightbox%26settings%3DeyJpZCI6MTA1NywidXJsIjoiaHR0cHM6XC9cL3d3dy5zY2h1dHp2ZXJwYWNrdW5nLmV1XC93cC1jb250ZW50XC91cGxvYWRzXC8yMDIwXC8wM1wvR2VmYWNoZVRyYXlfVW50ZXJzZWl0ZS1lMTU5MjI5NzIyMjkwMi5qcGciLCJzbGlkZXNob3ciOiJmNDAzYzJmIn0%3D\">\n\t\t\t\t\t<div class=\"e-gallery-image elementor-gallery-item__image\" data-thumbnail=\"https:\/\/www.schutzverpackung.eu\/wp-content\/uploads\/2020\/03\/GefacheTray_Unterseite-e1592297222902.jpg\" data-width=\"1500\" data-height=\"1001\" aria-label=\"Gefache:Tray_Unterseite\" role=\"img\" ><\/div>\n\t\t\t\t\t\t\t\t\t\t\t<div class=\"elementor-gallery-item__overlay\"><\/div>\n\t\t\t\t\t\t\t\t\t\t\t\t\t\t<\/a>\n\t\t\t\t\t\t\t<a class=\"e-gallery-item elementor-gallery-item elementor-animated-content\" data-e-gallery-tags=\"2\" href=\"https:\/\/www.schutzverpackung.eu\/wp-content\/uploads\/2020\/05\/EinsaetzeAufnahmen_Produkte_uebersichtsseite-e1592296718962.jpg\" data-elementor-open-lightbox=\"yes\" data-elementor-lightbox-slideshow=\"f403c2f\" data-elementor-lightbox-title=\"EinsaetzeAufnahmen_Produkte_uebersichtsseite\" data-e-action-hash=\"#elementor-action%3Aaction%3Dlightbox%26settings%3DeyJpZCI6MjIyMSwidXJsIjoiaHR0cHM6XC9cL3d3dy5zY2h1dHp2ZXJwYWNrdW5nLmV1XC93cC1jb250ZW50XC91cGxvYWRzXC8yMDIwXC8wNVwvRWluc2FldHplQXVmbmFobWVuX1Byb2R1a3RlX3VlYmVyc2ljaHRzc2VpdGUtZTE1OTIyOTY3MTg5NjIuanBnIiwic2xpZGVzaG93IjoiZjQwM2MyZiJ9\">\n\t\t\t\t\t<div class=\"e-gallery-image elementor-gallery-item__image\" data-thumbnail=\"https:\/\/www.schutzverpackung.eu\/wp-content\/uploads\/2020\/05\/EinsaetzeAufnahmen_Produkte_uebersichtsseite-e1592296718962.jpg\" data-width=\"1500\" data-height=\"1001\" aria-label=\"\" role=\"img\" ><\/div>\n\t\t\t\t\t\t\t\t\t\t\t<div class=\"elementor-gallery-item__overlay\"><\/div>\n\t\t\t\t\t\t\t\t\t\t\t\t\t\t<\/a>\n\t\t\t\t\t\t\t<a class=\"e-gallery-item elementor-gallery-item elementor-animated-content\" data-e-gallery-tags=\"2\" href=\"https:\/\/www.schutzverpackung.eu\/wp-content\/uploads\/2020\/03\/Einsaetze_Aufnahmen_Unterseite-e1592297205210.jpg\" data-elementor-open-lightbox=\"yes\" data-elementor-lightbox-slideshow=\"f403c2f\" data-elementor-lightbox-title=\"Einsaetze_Aufnahmen_Unterseite\" data-e-action-hash=\"#elementor-action%3Aaction%3Dlightbox%26settings%3DeyJpZCI6MTA2MCwidXJsIjoiaHR0cHM6XC9cL3d3dy5zY2h1dHp2ZXJwYWNrdW5nLmV1XC93cC1jb250ZW50XC91cGxvYWRzXC8yMDIwXC8wM1wvRWluc2FldHplX0F1Zm5haG1lbl9VbnRlcnNlaXRlLWUxNTkyMjk3MjA1MjEwLmpwZyIsInNsaWRlc2hvdyI6ImY0MDNjMmYifQ%3D%3D\">\n\t\t\t\t\t<div class=\"e-gallery-image elementor-gallery-item__image\" data-thumbnail=\"https:\/\/www.schutzverpackung.eu\/wp-content\/uploads\/2020\/03\/Einsaetze_Aufnahmen_Unterseite-e1592297205210.jpg\" data-width=\"1500\" data-height=\"1001\" aria-label=\"Einsaetze_Aufnahmen_Unterseite\" role=\"img\" ><\/div>\n\t\t\t\t\t\t\t\t\t\t\t<div class=\"elementor-gallery-item__overlay\"><\/div>\n\t\t\t\t\t\t\t\t\t\t\t\t\t\t<\/a>\n\t\t\t\t\t\t\t<a class=\"e-gallery-item elementor-gallery-item elementor-animated-content\" data-e-gallery-tags=\"2\" href=\"https:\/\/www.schutzverpackung.eu\/wp-content\/uploads\/2020\/03\/Header_Einsaetze_Aufnahmen_Unterseite-e1592297215995.jpg\" data-elementor-open-lightbox=\"yes\" data-elementor-lightbox-slideshow=\"f403c2f\" data-elementor-lightbox-title=\"Header_Einsaetze_Aufnahmen_Unterseite\" data-e-action-hash=\"#elementor-action%3Aaction%3Dlightbox%26settings%3DeyJpZCI6MTA1OSwidXJsIjoiaHR0cHM6XC9cL3d3dy5zY2h1dHp2ZXJwYWNrdW5nLmV1XC93cC1jb250ZW50XC91cGxvYWRzXC8yMDIwXC8wM1wvSGVhZGVyX0VpbnNhZXR6ZV9BdWZuYWhtZW5fVW50ZXJzZWl0ZS1lMTU5MjI5NzIxNTk5NS5qcGciLCJzbGlkZXNob3ciOiJmNDAzYzJmIn0%3D\">\n\t\t\t\t\t<div class=\"e-gallery-image elementor-gallery-item__image\" data-thumbnail=\"https:\/\/www.schutzverpackung.eu\/wp-content\/uploads\/2020\/03\/Header_Einsaetze_Aufnahmen_Unterseite-e1592297215995.jpg\" data-width=\"1500\" data-height=\"1001\" aria-label=\"Header_Einsaetze_Aufnahmen_Unterseite\" role=\"img\" ><\/div>\n\t\t\t\t\t\t\t\t\t\t\t<div class=\"elementor-gallery-item__overlay\"><\/div>\n\t\t\t\t\t\t\t\t\t\t\t\t\t\t<\/a>\n\t\t\t\t\t\t\t<a class=\"e-gallery-item elementor-gallery-item elementor-animated-content\" data-e-gallery-tags=\"2\" href=\"https:\/\/www.schutzverpackung.eu\/wp-content\/uploads\/2020\/12\/P1320956.jpg\" data-elementor-open-lightbox=\"yes\" data-elementor-lightbox-slideshow=\"f403c2f\" data-elementor-lightbox-title=\"P1320956\" data-e-action-hash=\"#elementor-action%3Aaction%3Dlightbox%26settings%3DeyJpZCI6MzYwMSwidXJsIjoiaHR0cHM6XC9cL3d3dy5zY2h1dHp2ZXJwYWNrdW5nLmV1XC93cC1jb250ZW50XC91cGxvYWRzXC8yMDIwXC8xMlwvUDEzMjA5NTYuanBnIiwic2xpZGVzaG93IjoiZjQwM2MyZiJ9\">\n\t\t\t\t\t<div class=\"e-gallery-image elementor-gallery-item__image\" data-thumbnail=\"https:\/\/www.schutzverpackung.eu\/wp-content\/uploads\/2020\/12\/P1320956.jpg\" data-width=\"971\" data-height=\"1430\" aria-label=\"\" role=\"img\" ><\/div>\n\t\t\t\t\t\t\t\t\t\t\t<div class=\"elementor-gallery-item__overlay\"><\/div>\n\t\t\t\t\t\t\t\t\t\t\t\t\t\t<\/a>\n\t\t\t\t\t\t\t<a class=\"e-gallery-item elementor-gallery-item elementor-animated-content\" data-e-gallery-tags=\"3\" href=\"https:\/\/www.schutzverpackung.eu\/wp-content\/uploads\/2020\/03\/Header_Ladungstraege_Unterseite-e1592297197682.jpg\" data-elementor-open-lightbox=\"yes\" data-elementor-lightbox-slideshow=\"f403c2f\" data-elementor-lightbox-title=\"ladungstr\u00e4ger\" data-e-action-hash=\"#elementor-action%3Aaction%3Dlightbox%26settings%3DeyJpZCI6MTA2MiwidXJsIjoiaHR0cHM6XC9cL3d3dy5zY2h1dHp2ZXJwYWNrdW5nLmV1XC93cC1jb250ZW50XC91cGxvYWRzXC8yMDIwXC8wM1wvSGVhZGVyX0xhZHVuZ3N0cmFlZ2VfVW50ZXJzZWl0ZS1lMTU5MjI5NzE5NzY4Mi5qcGciLCJzbGlkZXNob3ciOiJmNDAzYzJmIn0%3D\">\n\t\t\t\t\t<div class=\"e-gallery-image elementor-gallery-item__image\" data-thumbnail=\"https:\/\/www.schutzverpackung.eu\/wp-content\/uploads\/2020\/03\/Header_Ladungstraege_Unterseite-e1592297197682.jpg\" data-width=\"1500\" data-height=\"1001\" aria-label=\"ladungstr\u00e4ger\" role=\"img\" ><\/div>\n\t\t\t\t\t\t\t\t\t\t\t<div class=\"elementor-gallery-item__overlay\"><\/div>\n\t\t\t\t\t\t\t\t\t\t\t\t\t\t<\/a>\n\t\t\t\t\t\t\t<a class=\"e-gallery-item elementor-gallery-item elementor-animated-content\" data-e-gallery-tags=\"3\" href=\"https:\/\/www.schutzverpackung.eu\/wp-content\/uploads\/2020\/03\/Ladungstraeger_Unterseite-e1592297189565.jpg\" data-elementor-open-lightbox=\"yes\" data-elementor-lightbox-slideshow=\"f403c2f\" data-elementor-lightbox-title=\"Ladungstraeger_Unterseite\" data-e-action-hash=\"#elementor-action%3Aaction%3Dlightbox%26settings%3DeyJpZCI6MTA2MywidXJsIjoiaHR0cHM6XC9cL3d3dy5zY2h1dHp2ZXJwYWNrdW5nLmV1XC93cC1jb250ZW50XC91cGxvYWRzXC8yMDIwXC8wM1wvTGFkdW5nc3RyYWVnZXJfVW50ZXJzZWl0ZS1lMTU5MjI5NzE4OTU2NS5qcGciLCJzbGlkZXNob3ciOiJmNDAzYzJmIn0%3D\">\n\t\t\t\t\t<div class=\"e-gallery-image elementor-gallery-item__image\" data-thumbnail=\"https:\/\/www.schutzverpackung.eu\/wp-content\/uploads\/2020\/03\/Ladungstraeger_Unterseite-e1592297189565.jpg\" data-width=\"1500\" data-height=\"1001\" aria-label=\"Ladungstraeger_Unterseite\" role=\"img\" ><\/div>\n\t\t\t\t\t\t\t\t\t\t\t<div class=\"elementor-gallery-item__overlay\"><\/div>\n\t\t\t\t\t\t\t\t\t\t\t\t\t\t<\/a>\n\t\t\t\t\t\t\t<a class=\"e-gallery-item elementor-gallery-item elementor-animated-content\" data-e-gallery-tags=\"3\" href=\"https:\/\/www.schutzverpackung.eu\/wp-content\/uploads\/2020\/12\/Einsatz-69L-Ladungseinheit-bestueckt-5.jpg\" data-elementor-open-lightbox=\"yes\" data-elementor-lightbox-slideshow=\"f403c2f\" data-elementor-lightbox-title=\"Einsatz 69L Ladungseinheit-best\u00fcckt-5\" data-e-action-hash=\"#elementor-action%3Aaction%3Dlightbox%26settings%3DeyJpZCI6MzYwMywidXJsIjoiaHR0cHM6XC9cL3d3dy5zY2h1dHp2ZXJwYWNrdW5nLmV1XC93cC1jb250ZW50XC91cGxvYWRzXC8yMDIwXC8xMlwvRWluc2F0ei02OUwtTGFkdW5nc2VpbmhlaXQtYmVzdHVlY2t0LTUuanBnIiwic2xpZGVzaG93IjoiZjQwM2MyZiJ9\">\n\t\t\t\t\t<div class=\"e-gallery-image elementor-gallery-item__image\" data-thumbnail=\"https:\/\/www.schutzverpackung.eu\/wp-content\/uploads\/2020\/12\/Einsatz-69L-Ladungseinheit-bestueckt-5.jpg\" data-width=\"1720\" data-height=\"892\" aria-label=\"\" role=\"img\" ><\/div>\n\t\t\t\t\t\t\t\t\t\t\t<div class=\"elementor-gallery-item__overlay\"><\/div>\n\t\t\t\t\t\t\t\t\t\t\t\t\t\t<\/a>\n\t\t\t\t\t<\/div>\n\t\t\t\t\t<\/div>\n\t\t\t\t<\/div>\n\t\t\t\t\t<\/div>\n\t\t<\/div>\n\t\t\t\t\t<\/div>\n\t\t<\/section>\n\t\t\t\t\t<\/div>\n\t\t<\/div>\n\t\t\t\t\t<\/div>\n\t\t<\/section>\n\t\t\t\t<\/div>\n\t\t","protected":false},"excerpt":{"rendered":"<p>Produktgalerie Alle Konstruktivverpackung Gefache-Trays-Beh\u00e4lter Eins\u00e4tze-Aufnahmen Ladungstr\u00e4ger<\/p>\n","protected":false},"author":2,"featured_media":2850,"parent":20,"menu_order":0,"comment_status":"closed","ping_status":"closed","template":"elementor_header_footer","meta":{"footnotes":""},"class_list":["post-2714","page","type-page","status-publish","has-post-thumbnail","hentry"],"_links":{"self":[{"href":"https:\/\/www.schutzverpackung.eu\/de\/wp-json\/wp\/v2\/pages\/2714","targetHints":{"allow":["GET"]}}],"collection":[{"href":"https:\/\/www.schutzverpackung.eu\/de\/wp-json\/wp\/v2\/pages"}],"about":[{"href":"https:\/\/www.schutzverpackung.eu\/de\/wp-json\/wp\/v2\/types\/page"}],"author":[{"embeddable":true,"href":"https:\/\/www.schutzverpackung.eu\/de\/wp-json\/wp\/v2\/users\/2"}],"replies":[{"embeddable":true,"href":"https:\/\/www.schutzverpackung.eu\/de\/wp-json\/wp\/v2\/comments?post=2714"}],"version-history":[{"count":0,"href":"https:\/\/www.schutzverpackung.eu\/de\/wp-json\/wp\/v2\/pages\/2714\/revisions"}],"up":[{"embeddable":true,"href":"https:\/\/www.schutzverpackung.eu\/de\/wp-json\/wp\/v2\/pages\/20"}],"wp:featuredmedia":[{"embeddable":true,"href":"https:\/\/www.schutzverpackung.eu\/de\/wp-json\/wp\/v2\/media\/2850"}],"wp:attachment":[{"href":"https:\/\/www.schutzverpackung.eu\/de\/wp-json\/wp\/v2\/media?parent=2714"}],"curies":[{"name":"wp","href":"https:\/\/api.w.org\/{rel}","templated":true}]}}