{"id":311,"date":"2020-02-25T11:51:23","date_gmt":"2020-02-25T11:51:23","guid":{"rendered":"https:\/\/www.schutzverpackung.eu\/?page_id=311"},"modified":"2025-11-14T10:57:17","modified_gmt":"2025-11-14T09:57:17","slug":"zertifikate","status":"publish","type":"page","link":"https:\/\/www.schutzverpackung.eu\/de\/hoffmann-gruppe\/zertifikate\/","title":{"rendered":"Zertifikate"},"content":{"rendered":"\t\t<div data-elementor-type=\"wp-page\" data-elementor-id=\"311\" class=\"elementor elementor-311\" data-elementor-post-type=\"page\">\n\t\t\t\t\t\t<section class=\"elementor-section elementor-top-section elementor-element elementor-element-8a4151a elementor-section-full_width elementor-section-height-default elementor-section-height-default\" data-id=\"8a4151a\" data-element_type=\"section\" data-e-type=\"section\">\n\t\t\t\t\t\t<div class=\"elementor-container elementor-column-gap-no\">\n\t\t\t\t\t<div class=\"elementor-column elementor-col-100 elementor-top-column elementor-element elementor-element-7ff3923 animated-slow elementor-invisible\" data-id=\"7ff3923\" data-element_type=\"column\" data-e-type=\"column\" data-settings=\"{&quot;background_background&quot;:&quot;classic&quot;,&quot;background_motion_fx_motion_fx_scrolling&quot;:&quot;yes&quot;,&quot;background_motion_fx_translateY_effect&quot;:&quot;yes&quot;,&quot;animation&quot;:&quot;fadeIn&quot;,&quot;animation_delay&quot;:100,&quot;background_motion_fx_translateY_speed&quot;:{&quot;unit&quot;:&quot;px&quot;,&quot;size&quot;:4,&quot;sizes&quot;:[]},&quot;background_motion_fx_translateY_affectedRange&quot;:{&quot;unit&quot;:&quot;%&quot;,&quot;size&quot;:&quot;&quot;,&quot;sizes&quot;:{&quot;start&quot;:0,&quot;end&quot;:100}},&quot;background_motion_fx_devices&quot;:[&quot;desktop&quot;,&quot;tablet&quot;,&quot;mobile&quot;]}\">\n\t\t\t<div class=\"elementor-widget-wrap elementor-element-populated\">\n\t\t\t\t\t\t<div class=\"elementor-element elementor-element-90591cc elementor-widget elementor-widget-spacer\" data-id=\"90591cc\" data-element_type=\"widget\" data-e-type=\"widget\" data-widget_type=\"spacer.default\">\n\t\t\t\t<div class=\"elementor-widget-container\">\n\t\t\t\t\t\t\t<div class=\"elementor-spacer\">\n\t\t\t<div class=\"elementor-spacer-inner\"><\/div>\n\t\t<\/div>\n\t\t\t\t\t\t<\/div>\n\t\t\t\t<\/div>\n\t\t\t\t<div class=\"elementor-element elementor-element-8aa485f elementor-widget__width-auto elementor-absolute elementor-hidden-tablet elementor-hidden-phone elementor-widget elementor-widget-html\" data-id=\"8aa485f\" data-element_type=\"widget\" data-e-type=\"widget\" data-settings=\"{&quot;_position&quot;:&quot;absolute&quot;}\" data-widget_type=\"html.default\">\n\t\t\t\t<div class=\"elementor-widget-container\">\n\t\t\t\t\t<div class=\"scroll-rotate\">\n<span class=\"scroll-text \">Herunterscrollen<\/span><\/div>\n<img decoding=\"async\" class=\"vertikale-linie\" src=\"https:\/\/www.schutzverpackung.eu\/wp-content\/uploads\/2020\/02\/scroll-element.svg\" alt=\"\" title=\"\">\t\t\t\t<\/div>\n\t\t\t\t<\/div>\n\t\t\t\t\t<\/div>\n\t\t<\/div>\n\t\t\t\t\t<\/div>\n\t\t<\/section>\n\t\t\t\t<section class=\"elementor-section elementor-top-section elementor-element elementor-element-727f81f elementor-section-full_width elementor-section-height-default elementor-section-height-default\" data-id=\"727f81f\" data-element_type=\"section\" data-e-type=\"section\">\n\t\t\t\t\t\t<div class=\"elementor-container elementor-column-gap-no\">\n\t\t\t\t\t<div class=\"elementor-column elementor-col-50 elementor-top-column elementor-element elementor-element-75f4c77 elementor-invisible\" data-id=\"75f4c77\" data-element_type=\"column\" data-e-type=\"column\" data-settings=\"{&quot;background_background&quot;:&quot;classic&quot;,&quot;animation&quot;:&quot;slideInLeft&quot;,&quot;animation_delay&quot;:0}\">\n\t\t\t<div class=\"elementor-widget-wrap elementor-element-populated\">\n\t\t\t\t\t\t<div class=\"elementor-element elementor-element-627c9cc elementor-widget elementor-widget-heading\" data-id=\"627c9cc\" data-element_type=\"widget\" data-e-type=\"widget\" data-widget_type=\"heading.default\">\n\t\t\t\t<div class=\"elementor-widget-container\">\n\t\t\t\t\t<h1 class=\"elementor-heading-title elementor-size-default\">Hoffmann Gruppe<\/h1>\t\t\t\t<\/div>\n\t\t\t\t<\/div>\n\t\t\t\t<div class=\"elementor-element elementor-element-32ddd64 elementor-widget elementor-widget-heading\" data-id=\"32ddd64\" data-element_type=\"widget\" data-e-type=\"widget\" data-widget_type=\"heading.default\">\n\t\t\t\t<div class=\"elementor-widget-container\">\n\t\t\t\t\t<h2 class=\"elementor-heading-title elementor-size-default\">Unser Qualit\u00e4ts- und Umweltmanagement ist zertifiziert<\/h2>\t\t\t\t<\/div>\n\t\t\t\t<\/div>\n\t\t\t\t<div class=\"elementor-element elementor-element-2ffcb0f elementor-widget elementor-widget-text-editor\" data-id=\"2ffcb0f\" data-element_type=\"widget\" data-e-type=\"widget\" data-widget_type=\"text-editor.default\">\n\t\t\t\t<div class=\"elementor-widget-container\">\n\t\t\t\t\t\t\t\t\t<p class=\"p1\">Kundenanforderungen und Kundenzufriedenheit, sowie kontinuierliche Verbesserungsmassnahmen stehen immer Mittelpunkt unseres Handelns. Um dieses konsequent und methodisch zu gew\u00e4hrleisten, lassen wir uns nach der weltweit anerkannten und aktuellen Qualit\u00e4tsnorm DIN EN ISO 9001 \u00fcberwachen.<\/p>\t\t\t\t\t\t\t\t<\/div>\n\t\t\t\t<\/div>\n\t\t\t\t\t<\/div>\n\t\t<\/div>\n\t\t\t\t<div class=\"elementor-column elementor-col-50 elementor-top-column elementor-element elementor-element-e86021e elementor-hidden-tablet elementor-hidden-phone\" data-id=\"e86021e\" data-element_type=\"column\" data-e-type=\"column\">\n\t\t\t<div class=\"elementor-widget-wrap elementor-element-populated\">\n\t\t\t\t\t\t<div class=\"elementor-element elementor-element-afbafce elementor-view-default elementor-widget elementor-widget-icon\" data-id=\"afbafce\" data-element_type=\"widget\" data-e-type=\"widget\" data-widget_type=\"icon.default\">\n\t\t\t\t<div class=\"elementor-widget-container\">\n\t\t\t\t\t\t\t<div class=\"elementor-icon-wrapper\">\n\t\t\t<div class=\"elementor-icon\">\n\t\t\t<svg xmlns=\"http:\/\/www.w3.org\/2000\/svg\" viewBox=\"0 0 65.14 109.21\"><title>Zertifikate_Icon_gross<\/title><g data-name=\"Ebene 2\"><g data-name=\"Ebene 1\"><path d=\"M0,89.05H36.52A11.53,11.53,0,0,0,37,90.93a10.74,10.74,0,0,0,3.67,5v13.27l6.45-5.94,6.34,6V96a10.77,10.77,0,0,0,4.28-7h7.4V0H0ZM52.16,106.2l-5-4.73L42,106.22V96.75a10.79,10.79,0,0,0,5.17,1.34,10.67,10.67,0,0,0,3.58-.62,9.88,9.88,0,0,0,1.44-.65Zm-1.87-10A9.45,9.45,0,1,1,56,84.18,9.46,9.46,0,0,1,50.29,96.24ZM1.3,1.3H63.84V87.75h-6a10.75,10.75,0,0,0-20.44-5,10.58,10.58,0,0,0-1,5H1.3ZM51.3,17H13.85v-1.3H51.3Zm0,11.91H13.85v-1.3H51.3Zm0,11.9H13.85v-1.3H51.3Zm0,11.91H13.85v-1.3H51.3Zm0,11.91H13.85v-1.3H51.3ZM49.7,82a6,6,0,1,0-5.13,10.77,5.88,5.88,0,0,0,2.56.58A6,6,0,0,0,49.7,82Zm-1,9.78a4.66,4.66,0,0,1-3.12-8.79,4.7,4.7,0,0,1,1.56-.27,4.69,4.69,0,0,1,4.4,3.11A4.67,4.67,0,0,1,48.69,91.73Z\"><\/path><\/g><\/g><\/svg>\t\t\t<\/div>\n\t\t<\/div>\n\t\t\t\t\t\t<\/div>\n\t\t\t\t<\/div>\n\t\t\t\t\t<\/div>\n\t\t<\/div>\n\t\t\t\t\t<\/div>\n\t\t<\/section>\n\t\t\t\t<section class=\"elementor-section elementor-top-section elementor-element elementor-element-b7ec3c1 elementor-section-boxed elementor-section-height-default elementor-section-height-default\" data-id=\"b7ec3c1\" data-element_type=\"section\" data-e-type=\"section\" data-settings=\"{&quot;background_background&quot;:&quot;classic&quot;}\">\n\t\t\t\t\t\t<div class=\"elementor-container elementor-column-gap-default\">\n\t\t\t\t\t<div class=\"elementor-column elementor-col-100 elementor-top-column elementor-element elementor-element-a5f6f48\" data-id=\"a5f6f48\" data-element_type=\"column\" data-e-type=\"column\">\n\t\t\t<div class=\"elementor-widget-wrap\">\n\t\t\t\t\t\t\t<\/div>\n\t\t<\/div>\n\t\t\t\t\t<\/div>\n\t\t<\/section>\n\t\t\t\t<section class=\"elementor-section elementor-top-section elementor-element elementor-element-4e4c0b8 elementor-section-full_width elementor-section-height-default elementor-section-height-default\" data-id=\"4e4c0b8\" data-element_type=\"section\" data-e-type=\"section\" data-settings=\"{&quot;background_background&quot;:&quot;classic&quot;}\">\n\t\t\t\t\t\t<div class=\"elementor-container elementor-column-gap-no\">\n\t\t\t\t\t<div class=\"elementor-column elementor-col-50 elementor-top-column elementor-element elementor-element-cf88f55\" data-id=\"cf88f55\" data-element_type=\"column\" data-e-type=\"column\" data-settings=\"{&quot;background_background&quot;:&quot;classic&quot;}\">\n\t\t\t<div class=\"elementor-widget-wrap\">\n\t\t\t\t\t\t\t<\/div>\n\t\t<\/div>\n\t\t\t\t<div class=\"elementor-column elementor-col-50 elementor-top-column elementor-element elementor-element-74aa95e elementor-invisible\" data-id=\"74aa95e\" data-element_type=\"column\" data-e-type=\"column\" data-settings=\"{&quot;background_background&quot;:&quot;classic&quot;,&quot;animation&quot;:&quot;slideInRight&quot;,&quot;animation_delay&quot;:300}\">\n\t\t\t<div class=\"elementor-widget-wrap elementor-element-populated\">\n\t\t\t\t\t\t<div class=\"elementor-element elementor-element-8b63e67 elementor-widget elementor-widget-text-editor\" data-id=\"8b63e67\" data-element_type=\"widget\" data-e-type=\"widget\" data-widget_type=\"text-editor.default\">\n\t\t\t\t<div class=\"elementor-widget-container\">\n\t\t\t\t\t\t\t\t\t<p>Weiterhin kann Hoffmann Verpackung die geforderte Verfahrensdokumentation, speziell f\u00fcr IT-gest\u00fctzte Verfahren, gem\u00e4\u00df GoBD vorhalten und f\u00fcr die Vergabe von \u00f6ffentlichen Auftr\u00e4gen ein wirksames Qualit\u00e4tsmanagementsystem nachweisen.<\/p><p class=\"p1\">Die ISO 14001 als internationale Norm legt die Anforderungen an das Umweltmanagementsystem von Unternehmen fest. Mit den Zertifikaten dokumentieren wir unser andauerndes Streben, Umweltleistung zu verbessern, rechtliche und sonstige Verpflichtungen zu erf\u00fcllen und wichtige Umweltziele zu erreichen. Die Inhalte der ISO 14001 sind:<\/p><ul><li class=\"p1\">F\u00fcr die Planung die Festlegung von Umweltzielen, entsprechenden Ma\u00dfnahmen, Zust\u00e4ndigkeiten und Verfahrensweisen<\/li><li class=\"p1\">In der Durchf\u00fchrung die Umsetzung der festgelegten Ma\u00dfnahmen und Verfahrensweisen<\/li><li class=\"p1\">Durch Kontrollen die \u00dcberpr\u00fcfung der Zust\u00e4ndigkeiten, Verfahrensweisen und Ma\u00dfnahmen betreffend der Umweltziele und der Umweltleitlinien<\/li><li class=\"p1\">Durch st\u00e4ndige Verbesserung eine Anpassung der Zust\u00e4ndigkeiten, Verfahren und Ma\u00dfnahmen sowie der Umweltziele und Umweltleitlinien<\/li><\/ul><p class=\"p1\">Mit den Zertifizierungen erhalten unsere Kunden die Sicherheit, dass das Qualit\u00e4ts- und Umweltmanagement bei Hoffmann Verpackung dauerhaft gepr\u00fcft, kontrolliert und dokumentiert werden.<\/p>\t\t\t\t\t\t\t\t<\/div>\n\t\t\t\t<\/div>\n\t\t\t\t<section class=\"elementor-section elementor-inner-section elementor-element elementor-element-e0a0b51 elementor-section-boxed elementor-section-height-default elementor-section-height-default\" data-id=\"e0a0b51\" data-element_type=\"section\" data-e-type=\"section\">\n\t\t\t\t\t\t<div class=\"elementor-container elementor-column-gap-default\">\n\t\t\t\t\t<div class=\"elementor-column elementor-col-25 elementor-inner-column elementor-element elementor-element-dc982ac\" data-id=\"dc982ac\" data-element_type=\"column\" data-e-type=\"column\">\n\t\t\t<div class=\"elementor-widget-wrap elementor-element-populated\">\n\t\t\t\t\t\t<div class=\"elementor-element elementor-element-c4b3aff elementor-widget elementor-widget-image\" data-id=\"c4b3aff\" data-element_type=\"widget\" data-e-type=\"widget\" data-widget_type=\"image.default\">\n\t\t\t\t<div class=\"elementor-widget-container\">\n\t\t\t\t\t\t\t\t\t\t\t\t\t\t\t\t<a href=\"https:\/\/www.schutzverpackung.eu\/wp-content\/uploads\/2025\/02\/01-100-1800409_Main_DE.pdf\" target=\"_blank\">\n\t\t\t\t\t\t\t<img decoding=\"async\" width=\"1000\" height=\"1345\" src=\"https:\/\/www.schutzverpackung.eu\/wp-content\/uploads\/2025\/02\/01-100-1800409_Main_DE.webp\" class=\"attachment-full size-full wp-image-4360\" alt=\"\" srcset=\"https:\/\/www.schutzverpackung.eu\/wp-content\/uploads\/2025\/02\/01-100-1800409_Main_DE.webp 1000w, https:\/\/www.schutzverpackung.eu\/wp-content\/uploads\/2025\/02\/01-100-1800409_Main_DE-223x300.webp 223w, https:\/\/www.schutzverpackung.eu\/wp-content\/uploads\/2025\/02\/01-100-1800409_Main_DE-761x1024.webp 761w, https:\/\/www.schutzverpackung.eu\/wp-content\/uploads\/2025\/02\/01-100-1800409_Main_DE-768x1033.webp 768w\" sizes=\"(max-width: 1000px) 100vw, 1000px\" title=\"\">\t\t\t\t\t\t\t\t<\/a>\n\t\t\t\t\t\t\t\t\t\t\t\t\t\t\t<\/div>\n\t\t\t\t<\/div>\n\t\t\t\t\t<\/div>\n\t\t<\/div>\n\t\t\t\t<div class=\"elementor-column elementor-col-25 elementor-inner-column elementor-element elementor-element-d1a0d99\" data-id=\"d1a0d99\" data-element_type=\"column\" data-e-type=\"column\">\n\t\t\t<div class=\"elementor-widget-wrap elementor-element-populated\">\n\t\t\t\t\t\t<div class=\"elementor-element elementor-element-5e53ee9 elementor-widget elementor-widget-image\" data-id=\"5e53ee9\" data-element_type=\"widget\" data-e-type=\"widget\" data-widget_type=\"image.default\">\n\t\t\t\t<div class=\"elementor-widget-container\">\n\t\t\t\t\t\t\t\t\t\t\t\t\t\t\t\t<a href=\"https:\/\/www.schutzverpackung.eu\/wp-content\/uploads\/2025\/02\/01-104-1800409_Main_DE.pdf\" target=\"_blank\">\n\t\t\t\t\t\t\t<img decoding=\"async\" width=\"1000\" height=\"1345\" src=\"https:\/\/www.schutzverpackung.eu\/wp-content\/uploads\/2025\/02\/01-104-1800409_Main_DE.webp\" class=\"attachment-full size-full wp-image-4362\" alt=\"\" srcset=\"https:\/\/www.schutzverpackung.eu\/wp-content\/uploads\/2025\/02\/01-104-1800409_Main_DE.webp 1000w, https:\/\/www.schutzverpackung.eu\/wp-content\/uploads\/2025\/02\/01-104-1800409_Main_DE-223x300.webp 223w, https:\/\/www.schutzverpackung.eu\/wp-content\/uploads\/2025\/02\/01-104-1800409_Main_DE-761x1024.webp 761w, https:\/\/www.schutzverpackung.eu\/wp-content\/uploads\/2025\/02\/01-104-1800409_Main_DE-768x1033.webp 768w\" sizes=\"(max-width: 1000px) 100vw, 1000px\" title=\"\">\t\t\t\t\t\t\t\t<\/a>\n\t\t\t\t\t\t\t\t\t\t\t\t\t\t\t<\/div>\n\t\t\t\t<\/div>\n\t\t\t\t\t<\/div>\n\t\t<\/div>\n\t\t\t\t<div class=\"elementor-column elementor-col-25 elementor-inner-column elementor-element elementor-element-0393b51\" data-id=\"0393b51\" data-element_type=\"column\" data-e-type=\"column\">\n\t\t\t<div class=\"elementor-widget-wrap elementor-element-populated\">\n\t\t\t\t\t\t<div class=\"elementor-element elementor-element-b5cb0fd elementor-widget elementor-widget-image\" data-id=\"b5cb0fd\" data-element_type=\"widget\" data-e-type=\"widget\" data-widget_type=\"image.default\">\n\t\t\t\t<div class=\"elementor-widget-container\">\n\t\t\t\t\t\t\t\t\t\t\t\t\t\t\t\t<a href=\"https:\/\/www.schutzverpackung.eu\/wp-content\/uploads\/2025\/02\/01-100-1800409_Main_EN.pdf\" target=\"_blank\">\n\t\t\t\t\t\t\t<img decoding=\"async\" width=\"1000\" height=\"1345\" src=\"https:\/\/www.schutzverpackung.eu\/wp-content\/uploads\/2025\/02\/01-100-1800409_Main_EN.webp\" class=\"attachment-full size-full wp-image-4364\" alt=\"\" srcset=\"https:\/\/www.schutzverpackung.eu\/wp-content\/uploads\/2025\/02\/01-100-1800409_Main_EN.webp 1000w, https:\/\/www.schutzverpackung.eu\/wp-content\/uploads\/2025\/02\/01-100-1800409_Main_EN-223x300.webp 223w, https:\/\/www.schutzverpackung.eu\/wp-content\/uploads\/2025\/02\/01-100-1800409_Main_EN-761x1024.webp 761w, https:\/\/www.schutzverpackung.eu\/wp-content\/uploads\/2025\/02\/01-100-1800409_Main_EN-768x1033.webp 768w\" sizes=\"(max-width: 1000px) 100vw, 1000px\" title=\"\">\t\t\t\t\t\t\t\t<\/a>\n\t\t\t\t\t\t\t\t\t\t\t\t\t\t\t<\/div>\n\t\t\t\t<\/div>\n\t\t\t\t\t<\/div>\n\t\t<\/div>\n\t\t\t\t<div class=\"elementor-column elementor-col-25 elementor-inner-column elementor-element elementor-element-33e14d0\" data-id=\"33e14d0\" data-element_type=\"column\" data-e-type=\"column\">\n\t\t\t<div class=\"elementor-widget-wrap elementor-element-populated\">\n\t\t\t\t\t\t<div class=\"elementor-element elementor-element-da674eb elementor-widget elementor-widget-image\" data-id=\"da674eb\" data-element_type=\"widget\" data-e-type=\"widget\" data-widget_type=\"image.default\">\n\t\t\t\t<div class=\"elementor-widget-container\">\n\t\t\t\t\t\t\t\t\t\t\t\t\t\t\t\t<a href=\"https:\/\/www.schutzverpackung.eu\/wp-content\/uploads\/2025\/02\/01-104-1800409_Main_EN.pdf\" target=\"_blank\">\n\t\t\t\t\t\t\t<img decoding=\"async\" width=\"1000\" height=\"1345\" src=\"https:\/\/www.schutzverpackung.eu\/wp-content\/uploads\/2025\/02\/01-104-1800409_Main_EN.webp\" class=\"attachment-full size-full wp-image-4366\" alt=\"\" srcset=\"https:\/\/www.schutzverpackung.eu\/wp-content\/uploads\/2025\/02\/01-104-1800409_Main_EN.webp 1000w, https:\/\/www.schutzverpackung.eu\/wp-content\/uploads\/2025\/02\/01-104-1800409_Main_EN-223x300.webp 223w, https:\/\/www.schutzverpackung.eu\/wp-content\/uploads\/2025\/02\/01-104-1800409_Main_EN-761x1024.webp 761w, https:\/\/www.schutzverpackung.eu\/wp-content\/uploads\/2025\/02\/01-104-1800409_Main_EN-768x1033.webp 768w\" sizes=\"(max-width: 1000px) 100vw, 1000px\" title=\"\">\t\t\t\t\t\t\t\t<\/a>\n\t\t\t\t\t\t\t\t\t\t\t\t\t\t\t<\/div>\n\t\t\t\t<\/div>\n\t\t\t\t\t<\/div>\n\t\t<\/div>\n\t\t\t\t\t<\/div>\n\t\t<\/section>\n\t\t\t\t<section class=\"elementor-section elementor-inner-section elementor-element elementor-element-3183059 elementor-section-boxed elementor-section-height-default elementor-section-height-default\" data-id=\"3183059\" data-element_type=\"section\" data-e-type=\"section\">\n\t\t\t\t\t\t<div class=\"elementor-container elementor-column-gap-default\">\n\t\t\t\t\t<div class=\"elementor-column elementor-col-25 elementor-inner-column elementor-element elementor-element-ffbe9cd\" data-id=\"ffbe9cd\" data-element_type=\"column\" data-e-type=\"column\">\n\t\t\t<div class=\"elementor-widget-wrap elementor-element-populated\">\n\t\t\t\t\t\t<div class=\"elementor-element elementor-element-34d50f0 elementor-widget elementor-widget-image\" data-id=\"34d50f0\" data-element_type=\"widget\" data-e-type=\"widget\" data-widget_type=\"image.default\">\n\t\t\t\t<div class=\"elementor-widget-container\">\n\t\t\t\t\t\t\t\t\t\t\t\t\t\t\t\t<a href=\"https:\/\/www.schutzverpackung.eu\/wp-content\/uploads\/2023\/05\/Marketingzertifikat-RenerwablePLUS-2023-3020-004-Moderne-Verpackung.pdf\" target=\"_blank\">\n\t\t\t\t\t\t\t<img decoding=\"async\" width=\"1000\" height=\"1345\" src=\"https:\/\/www.schutzverpackung.eu\/wp-content\/uploads\/2023\/05\/Marketingzertifikat-RenerwablePLUS-2023-3020-004-Moderne-Verpackung.jpg\" class=\"attachment-full size-full wp-image-4021\" alt=\"\" srcset=\"https:\/\/www.schutzverpackung.eu\/wp-content\/uploads\/2023\/05\/Marketingzertifikat-RenerwablePLUS-2023-3020-004-Moderne-Verpackung.jpg 1000w, https:\/\/www.schutzverpackung.eu\/wp-content\/uploads\/2023\/05\/Marketingzertifikat-RenerwablePLUS-2023-3020-004-Moderne-Verpackung-223x300.jpg 223w, https:\/\/www.schutzverpackung.eu\/wp-content\/uploads\/2023\/05\/Marketingzertifikat-RenerwablePLUS-2023-3020-004-Moderne-Verpackung-761x1024.jpg 761w, https:\/\/www.schutzverpackung.eu\/wp-content\/uploads\/2023\/05\/Marketingzertifikat-RenerwablePLUS-2023-3020-004-Moderne-Verpackung-768x1033.jpg 768w\" sizes=\"(max-width: 1000px) 100vw, 1000px\" title=\"\">\t\t\t\t\t\t\t\t<\/a>\n\t\t\t\t\t\t\t\t\t\t\t\t\t\t\t<\/div>\n\t\t\t\t<\/div>\n\t\t\t\t\t<\/div>\n\t\t<\/div>\n\t\t\t\t<div class=\"elementor-column elementor-col-25 elementor-inner-column elementor-element elementor-element-3a117eb\" data-id=\"3a117eb\" data-element_type=\"column\" data-e-type=\"column\">\n\t\t\t<div class=\"elementor-widget-wrap elementor-element-populated\">\n\t\t\t\t\t\t<div class=\"elementor-element elementor-element-9ef0eca elementor-widget elementor-widget-image\" data-id=\"9ef0eca\" data-element_type=\"widget\" data-e-type=\"widget\" data-widget_type=\"image.default\">\n\t\t\t\t<div class=\"elementor-widget-container\">\n\t\t\t\t\t\t\t\t\t\t\t\t\t\t\t\t<a href=\"https:\/\/www.schutzverpackung.eu\/wp-content\/uploads\/2025\/08\/MODERNE_VERPACKUNG_CARL_BERNH_HOFFMANN_GMBH_CSR_Performance_Overview_Details_2025_08_26.pdf\" target=\"_blank\">\n\t\t\t\t\t\t\t<img decoding=\"async\" width=\"1000\" height=\"1345\" src=\"https:\/\/www.schutzverpackung.eu\/wp-content\/uploads\/2025\/08\/MODERNE_VERPACKUNG_CARL_BERNH_HOFFMANN_GMBH_CSR_Performance_Overview_Details_2025_08_26.webp\" class=\"attachment-full size-full wp-image-4392\" alt=\"\" srcset=\"https:\/\/www.schutzverpackung.eu\/wp-content\/uploads\/2025\/08\/MODERNE_VERPACKUNG_CARL_BERNH_HOFFMANN_GMBH_CSR_Performance_Overview_Details_2025_08_26.webp 1000w, https:\/\/www.schutzverpackung.eu\/wp-content\/uploads\/2025\/08\/MODERNE_VERPACKUNG_CARL_BERNH_HOFFMANN_GMBH_CSR_Performance_Overview_Details_2025_08_26-223x300.webp 223w, https:\/\/www.schutzverpackung.eu\/wp-content\/uploads\/2025\/08\/MODERNE_VERPACKUNG_CARL_BERNH_HOFFMANN_GMBH_CSR_Performance_Overview_Details_2025_08_26-761x1024.webp 761w, https:\/\/www.schutzverpackung.eu\/wp-content\/uploads\/2025\/08\/MODERNE_VERPACKUNG_CARL_BERNH_HOFFMANN_GMBH_CSR_Performance_Overview_Details_2025_08_26-768x1033.webp 768w\" sizes=\"(max-width: 1000px) 100vw, 1000px\" title=\"\">\t\t\t\t\t\t\t\t<\/a>\n\t\t\t\t\t\t\t\t\t\t\t\t\t\t\t<\/div>\n\t\t\t\t<\/div>\n\t\t\t\t\t<\/div>\n\t\t<\/div>\n\t\t\t\t<div class=\"elementor-column elementor-col-25 elementor-inner-column elementor-element elementor-element-0988eee\" data-id=\"0988eee\" data-element_type=\"column\" data-e-type=\"column\">\n\t\t\t<div class=\"elementor-widget-wrap elementor-element-populated\">\n\t\t\t\t\t\t<div class=\"elementor-element elementor-element-15f5159 elementor-widget elementor-widget-image\" data-id=\"15f5159\" data-element_type=\"widget\" data-e-type=\"widget\" data-widget_type=\"image.default\">\n\t\t\t\t<div class=\"elementor-widget-container\">\n\t\t\t\t\t\t\t\t\t\t\t\t\t\t\t\t<a href=\"https:\/\/www.schutzverpackung.eu\/wp-content\/uploads\/2025\/11\/241320-001-Moderne-Verpackung-Carl-Bernh.-Hoffmann-FSC2230-ZA-25-AM-DE.pdf\" target=\"_blank\">\n\t\t\t\t\t\t\t<img decoding=\"async\" width=\"1026\" height=\"1490\" src=\"https:\/\/www.schutzverpackung.eu\/wp-content\/uploads\/2025\/11\/241320-001-Moderne-Verpackung-Carl-Bernh.-Hoffmann-FSC2230-ZA-25-AM-DE.webp\" class=\"attachment-full size-full wp-image-4426\" alt=\"\" srcset=\"https:\/\/www.schutzverpackung.eu\/wp-content\/uploads\/2025\/11\/241320-001-Moderne-Verpackung-Carl-Bernh.-Hoffmann-FSC2230-ZA-25-AM-DE.webp 1026w, https:\/\/www.schutzverpackung.eu\/wp-content\/uploads\/2025\/11\/241320-001-Moderne-Verpackung-Carl-Bernh.-Hoffmann-FSC2230-ZA-25-AM-DE-207x300.webp 207w, https:\/\/www.schutzverpackung.eu\/wp-content\/uploads\/2025\/11\/241320-001-Moderne-Verpackung-Carl-Bernh.-Hoffmann-FSC2230-ZA-25-AM-DE-705x1024.webp 705w, https:\/\/www.schutzverpackung.eu\/wp-content\/uploads\/2025\/11\/241320-001-Moderne-Verpackung-Carl-Bernh.-Hoffmann-FSC2230-ZA-25-AM-DE-768x1115.webp 768w\" sizes=\"(max-width: 1026px) 100vw, 1026px\" title=\"\">\t\t\t\t\t\t\t\t<\/a>\n\t\t\t\t\t\t\t\t\t\t\t\t\t\t\t<\/div>\n\t\t\t\t<\/div>\n\t\t\t\t\t<\/div>\n\t\t<\/div>\n\t\t\t\t<div class=\"elementor-column elementor-col-25 elementor-inner-column elementor-element elementor-element-18aada0\" data-id=\"18aada0\" data-element_type=\"column\" data-e-type=\"column\">\n\t\t\t<div class=\"elementor-widget-wrap elementor-element-populated\">\n\t\t\t\t\t\t<div class=\"elementor-element elementor-element-605320d elementor-widget elementor-widget-image\" data-id=\"605320d\" data-element_type=\"widget\" data-e-type=\"widget\" data-widget_type=\"image.default\">\n\t\t\t\t<div class=\"elementor-widget-container\">\n\t\t\t\t\t\t\t\t\t\t\t\t\t\t\t\t<a href=\"https:\/\/www.schutzverpackung.eu\/wp-content\/uploads\/2025\/11\/241320-001-Moderne-Verpackung-Carl-Bernh.-Hoffmann-FSC2230-ZA-25-AM-EN.pdf\" target=\"_blank\">\n\t\t\t\t\t\t\t<img decoding=\"async\" width=\"1020\" height=\"1482\" src=\"https:\/\/www.schutzverpackung.eu\/wp-content\/uploads\/2025\/11\/241320-001-Moderne-Verpackung-Carl-Bernh.-Hoffmann-FSC2230-ZA-25-AM-EN.webp\" class=\"attachment-full size-full wp-image-4428\" alt=\"\" srcset=\"https:\/\/www.schutzverpackung.eu\/wp-content\/uploads\/2025\/11\/241320-001-Moderne-Verpackung-Carl-Bernh.-Hoffmann-FSC2230-ZA-25-AM-EN.webp 1020w, https:\/\/www.schutzverpackung.eu\/wp-content\/uploads\/2025\/11\/241320-001-Moderne-Verpackung-Carl-Bernh.-Hoffmann-FSC2230-ZA-25-AM-EN-206x300.webp 206w, https:\/\/www.schutzverpackung.eu\/wp-content\/uploads\/2025\/11\/241320-001-Moderne-Verpackung-Carl-Bernh.-Hoffmann-FSC2230-ZA-25-AM-EN-705x1024.webp 705w, https:\/\/www.schutzverpackung.eu\/wp-content\/uploads\/2025\/11\/241320-001-Moderne-Verpackung-Carl-Bernh.-Hoffmann-FSC2230-ZA-25-AM-EN-768x1116.webp 768w\" sizes=\"(max-width: 1020px) 100vw, 1020px\" title=\"\">\t\t\t\t\t\t\t\t<\/a>\n\t\t\t\t\t\t\t\t\t\t\t\t\t\t\t<\/div>\n\t\t\t\t<\/div>\n\t\t\t\t\t<\/div>\n\t\t<\/div>\n\t\t\t\t\t<\/div>\n\t\t<\/section>\n\t\t\t\t\t<\/div>\n\t\t<\/div>\n\t\t\t\t\t<\/div>\n\t\t<\/section>\n\t\t\t\t<\/div>\n\t\t","protected":false},"excerpt":{"rendered":"<p>Herunterscrollen Hoffmann Gruppe Unser Qualit\u00e4ts- und Umweltmanagement ist zertifiziert Kundenanforderungen und Kundenzufriedenheit, sowie kontinuierliche Verbesserungsmassnahmen stehen immer Mittelpunkt unseres Handelns. Um dieses konsequent und methodisch zu gew\u00e4hrleisten, lassen wir uns nach der weltweit anerkannten und aktuellen Qualit\u00e4tsnorm DIN EN ISO 9001 \u00fcberwachen. Zertifikate_Icon_gross Weiterhin kann Hoffmann Verpackung die geforderte Verfahrensdokumentation, speziell f\u00fcr IT-gest\u00fctzte Verfahren, gem\u00e4\u00df [&hellip;]<\/p>\n","protected":false},"author":2,"featured_media":1508,"parent":22,"menu_order":0,"comment_status":"closed","ping_status":"closed","template":"elementor_header_footer","meta":{"footnotes":""},"class_list":["post-311","page","type-page","status-publish","has-post-thumbnail","hentry"],"_links":{"self":[{"href":"https:\/\/www.schutzverpackung.eu\/de\/wp-json\/wp\/v2\/pages\/311","targetHints":{"allow":["GET"]}}],"collection":[{"href":"https:\/\/www.schutzverpackung.eu\/de\/wp-json\/wp\/v2\/pages"}],"about":[{"href":"https:\/\/www.schutzverpackung.eu\/de\/wp-json\/wp\/v2\/types\/page"}],"author":[{"embeddable":true,"href":"https:\/\/www.schutzverpackung.eu\/de\/wp-json\/wp\/v2\/users\/2"}],"replies":[{"embeddable":true,"href":"https:\/\/www.schutzverpackung.eu\/de\/wp-json\/wp\/v2\/comments?post=311"}],"version-history":[{"count":0,"href":"https:\/\/www.schutzverpackung.eu\/de\/wp-json\/wp\/v2\/pages\/311\/revisions"}],"up":[{"embeddable":true,"href":"https:\/\/www.schutzverpackung.eu\/de\/wp-json\/wp\/v2\/pages\/22"}],"wp:featuredmedia":[{"embeddable":true,"href":"https:\/\/www.schutzverpackung.eu\/de\/wp-json\/wp\/v2\/media\/1508"}],"wp:attachment":[{"href":"https:\/\/www.schutzverpackung.eu\/de\/wp-json\/wp\/v2\/media?parent=311"}],"curies":[{"name":"wp","href":"https:\/\/api.w.org\/{rel}","templated":true}]}}