{"id":2982,"date":"2020-09-22T09:17:12","date_gmt":"2020-09-22T07:17:12","guid":{"rendered":"https:\/\/www.schutzverpackung.eu\/hoffmann-group\/corporate-policy\/"},"modified":"2025-11-14T10:46:03","modified_gmt":"2025-11-14T09:46:03","slug":"corporate-policy","status":"publish","type":"page","link":"https:\/\/www.schutzverpackung.eu\/en\/hoffmann-group\/corporate-policy\/","title":{"rendered":"Corporate policy"},"content":{"rendered":"\t\t<div data-elementor-type=\"wp-page\" data-elementor-id=\"2982\" class=\"elementor elementor-2982 elementor-309\" data-elementor-post-type=\"page\">\n\t\t\t\t\t\t<section class=\"elementor-section elementor-top-section elementor-element elementor-element-10fdb18 elementor-section-full_width elementor-section-height-default elementor-section-height-default\" data-id=\"10fdb18\" data-element_type=\"section\" data-e-type=\"section\">\n\t\t\t\t\t\t<div class=\"elementor-container elementor-column-gap-no\">\n\t\t\t\t\t<div class=\"elementor-column elementor-col-100 elementor-top-column elementor-element elementor-element-f4c9068 animated-slow elementor-invisible\" data-id=\"f4c9068\" data-element_type=\"column\" data-e-type=\"column\" data-settings=\"{&quot;background_background&quot;:&quot;classic&quot;,&quot;background_motion_fx_motion_fx_scrolling&quot;:&quot;yes&quot;,&quot;background_motion_fx_translateY_effect&quot;:&quot;yes&quot;,&quot;animation&quot;:&quot;fadeIn&quot;,&quot;animation_delay&quot;:100,&quot;background_motion_fx_translateY_speed&quot;:{&quot;unit&quot;:&quot;px&quot;,&quot;size&quot;:4,&quot;sizes&quot;:[]},&quot;background_motion_fx_translateY_affectedRange&quot;:{&quot;unit&quot;:&quot;%&quot;,&quot;size&quot;:&quot;&quot;,&quot;sizes&quot;:{&quot;start&quot;:0,&quot;end&quot;:100}},&quot;background_motion_fx_devices&quot;:[&quot;desktop&quot;,&quot;tablet&quot;,&quot;mobile&quot;]}\">\n\t\t\t<div class=\"elementor-widget-wrap elementor-element-populated\">\n\t\t\t\t\t\t<div class=\"elementor-element elementor-element-2972dd9 elementor-widget elementor-widget-spacer\" data-id=\"2972dd9\" data-element_type=\"widget\" data-e-type=\"widget\" data-widget_type=\"spacer.default\">\n\t\t\t\t<div class=\"elementor-widget-container\">\n\t\t\t\t\t\t\t<div class=\"elementor-spacer\">\n\t\t\t<div class=\"elementor-spacer-inner\"><\/div>\n\t\t<\/div>\n\t\t\t\t\t\t<\/div>\n\t\t\t\t<\/div>\n\t\t\t\t<div class=\"elementor-element elementor-element-eaaaf5f elementor-widget__width-auto elementor-absolute elementor-hidden-tablet elementor-hidden-phone elementor-widget elementor-widget-html\" data-id=\"eaaaf5f\" data-element_type=\"widget\" data-e-type=\"widget\" data-settings=\"{&quot;_position&quot;:&quot;absolute&quot;}\" data-widget_type=\"html.default\">\n\t\t\t\t<div class=\"elementor-widget-container\">\n\t\t\t\t\t<div class=\"scroll-rotate\">\r\n<span class=\"scroll-text \">scroll down<\/span><\/div>\r\n<img decoding=\"async\" class=\"vertikale-linie\" src=\"https:\/\/www.schutzverpackung.eu\/wp-content\/uploads\/2020\/02\/scroll-element.svg\" alt=\"\" title=\"\">\t\t\t\t<\/div>\n\t\t\t\t<\/div>\n\t\t\t\t\t<\/div>\n\t\t<\/div>\n\t\t\t\t\t<\/div>\n\t\t<\/section>\n\t\t\t\t<section class=\"elementor-section elementor-top-section elementor-element elementor-element-ea0b2ad elementor-section-full_width elementor-section-height-default elementor-section-height-default\" data-id=\"ea0b2ad\" data-element_type=\"section\" data-e-type=\"section\">\n\t\t\t\t\t\t<div class=\"elementor-container elementor-column-gap-no\">\n\t\t\t\t\t<div class=\"elementor-column elementor-col-50 elementor-top-column elementor-element elementor-element-d9854cd elementor-invisible\" data-id=\"d9854cd\" data-element_type=\"column\" data-e-type=\"column\" data-settings=\"{&quot;background_background&quot;:&quot;classic&quot;,&quot;animation&quot;:&quot;slideInLeft&quot;,&quot;animation_delay&quot;:0}\">\n\t\t\t<div class=\"elementor-widget-wrap elementor-element-populated\">\n\t\t\t\t\t\t<div class=\"elementor-element elementor-element-ed0a53b elementor-widget elementor-widget-heading\" data-id=\"ed0a53b\" data-element_type=\"widget\" data-e-type=\"widget\" data-widget_type=\"heading.default\">\n\t\t\t\t<div class=\"elementor-widget-container\">\n\t\t\t\t\t<h1 class=\"elementor-heading-title elementor-size-default\">Corporate policy<\/h1>\t\t\t\t<\/div>\n\t\t\t\t<\/div>\n\t\t\t\t<div class=\"elementor-element elementor-element-8868ef7 elementor-widget elementor-widget-heading\" data-id=\"8868ef7\" data-element_type=\"widget\" data-e-type=\"widget\" data-widget_type=\"heading.default\">\n\t\t\t\t<div class=\"elementor-widget-container\">\n\t\t\t\t\t<h2 class=\"elementor-heading-title elementor-size-default\">Values that determine our actions<\/h2>\t\t\t\t<\/div>\n\t\t\t\t<\/div>\n\t\t\t\t<div class=\"elementor-element elementor-element-5a9b007 elementor-widget elementor-widget-text-editor\" data-id=\"5a9b007\" data-element_type=\"widget\" data-e-type=\"widget\" data-widget_type=\"text-editor.default\">\n\t\t\t\t<div class=\"elementor-widget-container\">\n\t\t\t\t\t\t\t\t\t<p class=\"p1\">The primary objective of Carl Bernh. Hoffmann GmbH is to offer customers only goods and services that meet their requirements and are of high quality. Realization and maintenance of this claim are the essential basis for the long-term success of the company and the constantly growing satisfaction of our customers. Carl Bernh. Hoffmann GmbH is a medium-sized family business which combines tradition and progress.<\/p>\n\t\t\t\t\t\t\t\t<\/div>\n\t\t\t\t<\/div>\n\t\t\t\t\t<\/div>\n\t\t<\/div>\n\t\t\t\t<div class=\"elementor-column elementor-col-50 elementor-top-column elementor-element elementor-element-eb05587 elementor-hidden-tablet elementor-hidden-phone\" data-id=\"eb05587\" data-element_type=\"column\" data-e-type=\"column\">\n\t\t\t<div class=\"elementor-widget-wrap elementor-element-populated\">\n\t\t\t\t\t\t<div class=\"elementor-element elementor-element-2c3c208 elementor-view-default elementor-widget elementor-widget-icon\" data-id=\"2c3c208\" data-element_type=\"widget\" data-e-type=\"widget\" data-widget_type=\"icon.default\">\n\t\t\t\t<div class=\"elementor-widget-container\">\n\t\t\t\t\t\t\t<div class=\"elementor-icon-wrapper\">\n\t\t\t<div class=\"elementor-icon\">\n\t\t\t<svg xmlns=\"http:\/\/www.w3.org\/2000\/svg\" viewBox=\"0 0 85.07 84.18\"><title>Firmenpolitik_Icon_gross<\/title><g data-name=\"Ebene 2\"><g data-name=\"Ebene 1\"><path d=\"M50,41.22l-2,1.56,4.43,5.8L74.15,32l-4.43-5.81L67.39,28,51.66,7.37,53.71,5.8,49.28,0,27.54,16.59,32,22.39l2.34-1.78,5.85,7.66L0,58.91l4.43,5.8L44.58,34.07Zm22.29-9.47-19.67,15L49.81,43,69.48,28Zm-43-14.92L49,1.82l2.85,3.74-19.67,15ZM1.82,59.15l9.69-7.39,2.86,3.73-9.7,7.4ZM15.4,54.7,12.54,51,40.76,29.44l2.86,3.74ZM50.65,8.19,66.26,28.65,51,40.31,35.37,19.85Zm6.62,20.28L48.4,16.85l1-.79L58.3,27.69ZM82,67H77V64.18a3.41,3.41,0,0,0-3.41-3.41H52.54a3.42,3.42,0,0,0-3.42,3.41V67H44.21l-3,8.8h0v.06l-.07.18.07,0v8.16H85.07V75.76H85ZM50.42,64.18a2.11,2.11,0,0,1,2.12-2.11H73.63a2.11,2.11,0,0,1,2.11,2.11V67H50.42Zm-5.28,4.08H81l2.55,7.5h-41ZM83.77,82.88H42.5V77.06H83.77Z\"><\/path><\/g><\/g><\/svg>\t\t\t<\/div>\n\t\t<\/div>\n\t\t\t\t\t\t<\/div>\n\t\t\t\t<\/div>\n\t\t\t\t\t<\/div>\n\t\t<\/div>\n\t\t\t\t\t<\/div>\n\t\t<\/section>\n\t\t\t\t<section class=\"elementor-section elementor-top-section elementor-element elementor-element-5d9193b elementor-section-boxed elementor-section-height-default elementor-section-height-default\" data-id=\"5d9193b\" data-element_type=\"section\" data-e-type=\"section\" data-settings=\"{&quot;background_background&quot;:&quot;classic&quot;}\">\n\t\t\t\t\t\t<div class=\"elementor-container elementor-column-gap-default\">\n\t\t\t\t\t<div class=\"elementor-column elementor-col-100 elementor-top-column elementor-element elementor-element-0bb79a7\" data-id=\"0bb79a7\" data-element_type=\"column\" data-e-type=\"column\">\n\t\t\t<div class=\"elementor-widget-wrap\">\n\t\t\t\t\t\t\t<\/div>\n\t\t<\/div>\n\t\t\t\t\t<\/div>\n\t\t<\/section>\n\t\t\t\t<section class=\"elementor-section elementor-top-section elementor-element elementor-element-f13cdda elementor-section-full_width elementor-section-height-default elementor-section-height-default\" data-id=\"f13cdda\" data-element_type=\"section\" data-e-type=\"section\" data-settings=\"{&quot;background_background&quot;:&quot;classic&quot;}\">\n\t\t\t\t\t\t<div class=\"elementor-container elementor-column-gap-no\">\n\t\t\t\t\t<div class=\"elementor-column elementor-col-50 elementor-top-column elementor-element elementor-element-004c1db\" data-id=\"004c1db\" data-element_type=\"column\" data-e-type=\"column\" data-settings=\"{&quot;background_background&quot;:&quot;classic&quot;}\">\n\t\t\t<div class=\"elementor-widget-wrap\">\n\t\t\t\t\t\t\t<\/div>\n\t\t<\/div>\n\t\t\t\t<div class=\"elementor-column elementor-col-50 elementor-top-column elementor-element elementor-element-d2f6aa4 elementor-invisible\" data-id=\"d2f6aa4\" data-element_type=\"column\" data-e-type=\"column\" data-settings=\"{&quot;background_background&quot;:&quot;classic&quot;,&quot;animation&quot;:&quot;slideInRight&quot;,&quot;animation_delay&quot;:300}\">\n\t\t\t<div class=\"elementor-widget-wrap elementor-element-populated\">\n\t\t\t\t\t\t<div class=\"elementor-element elementor-element-efaa6e7 elementor-widget elementor-widget-heading\" data-id=\"efaa6e7\" data-element_type=\"widget\" data-e-type=\"widget\" data-widget_type=\"heading.default\">\n\t\t\t\t<div class=\"elementor-widget-container\">\n\t\t\t\t\t<h3 class=\"elementor-heading-title elementor-size-default\">Carl Bernh. Hoffmann GmbH<\/h3>\t\t\t\t<\/div>\n\t\t\t\t<\/div>\n\t\t\t\t<div class=\"elementor-element elementor-element-9aa05f4 elementor-widget elementor-widget-heading\" data-id=\"9aa05f4\" data-element_type=\"widget\" data-e-type=\"widget\" data-widget_type=\"heading.default\">\n\t\t\t\t<div class=\"elementor-widget-container\">\n\t\t\t\t\t<h2 class=\"elementor-heading-title elementor-size-default\">Tradition and progress in corporate policy<\/h2>\t\t\t\t<\/div>\n\t\t\t\t<\/div>\n\t\t\t\t<div class=\"elementor-element elementor-element-02d090e elementor-widget elementor-widget-text-editor\" data-id=\"02d090e\" data-element_type=\"widget\" data-e-type=\"widget\" data-widget_type=\"text-editor.default\">\n\t\t\t\t<div class=\"elementor-widget-container\">\n\t\t\t\t\t\t\t\t\t<p class=\"p1\">Traditional values such as reliability, fairness, responsibility and compliance with applicable legal standards are an integral part of our corporate culture and a matter of course.<\/p>\n<p><\/p>\n<p class=\"p1\">Customer satisfaction results from the compliance with prescribed or made agreements regarding safety, quality and condition of our goods. In doing so, we strive to always act fairly, honestly and openly in the interest of the customer. Our customers are our partners, who decide on the success of the company. We want to recognise the wishes and future tasks of our customers at an early stage and solve them reliably.<\/p>\n<p><\/p>\n<p class=\"p1\">We cultivate long-term and cooperative relationships with our suppliers, as they are an important component of our products and services.<\/p>\n<p><\/p>\n<p class=\"p1\">In order to ensure the consistently high quality of our products and services, all employees of Carl Bernh. Hoffmann GmbH strive to work with the highest quality awareness every day. The qualification and motivation of all employees is a fundamental prerequisite for the success of our company. It is therefore important to inform our employees and to support them with the necessary knowledge and skills through training.<\/p>\n<p><\/p>\n<p class=\"p1\">We undertake to comply with all applicable legal norms and other necessary requirements and to protect the environment. We try to avoid environmental pollution of any kind in all phases of product development.<\/p>\n<p><\/p>\n<p class=\"p1\">All processes of Carl Bernh. Hoffmann GmbH are subject to a continuous and sustainable improvement process.<\/p>\n<p><\/p>\n<p class=\"p1\">Our company policy is determined by the management. The expediency and appropriateness are reviewed annually and adjusted if necessary.<\/p>\n<p><\/p>\n<p class=\"p4\">The management system receives full support and encouragement from the management. Necessary information and resources are provided as needed.<\/p>\n\t\t\t\t\t\t\t\t<\/div>\n\t\t\t\t<\/div>\n\t\t\t\t<div class=\"elementor-element elementor-element-f4c38a6 elementor-widget elementor-widget-heading\" data-id=\"f4c38a6\" data-element_type=\"widget\" data-e-type=\"widget\" data-widget_type=\"heading.default\">\n\t\t\t\t<div class=\"elementor-widget-container\">\n\t\t\t\t\t<h3 class=\"elementor-heading-title elementor-size-default\">1. Qualit\u00e4tsgrunds\u00e4tze:<\/h3>\t\t\t\t<\/div>\n\t\t\t\t<\/div>\n\t\t\t\t<div class=\"elementor-element elementor-element-50a180c elementor-widget elementor-widget-text-editor\" data-id=\"50a180c\" data-element_type=\"widget\" data-e-type=\"widget\" data-widget_type=\"text-editor.default\">\n\t\t\t\t<div class=\"elementor-widget-container\">\n\t\t\t\t\t\t\t\t\t<ul style=\"font-weight: 400;\">\n<li><strong>Kundenzufriedenheit:<\/strong> Wir setzen alles daran, die Bed\u00fcrfnisse und Erwartungen unserer Kunden zu verstehen und zu erf\u00fcllen. Dies beinhaltet eine offene Kommunikation und das Streben nach h\u00f6chster Kundenzufriedenheit.<\/li>\n<li><strong>Kontinuierliche Verbesserung:<\/strong> Wir f\u00f6rdern eine Kultur der st\u00e4ndigen Verbesserung durch regelm\u00e4\u00dfige \u00dcberpr\u00fcfung und Optimierung unserer Prozesse, Produkte und Dienstleistungen.<\/li>\n<li><strong>Mitarbeiterengagement:<\/strong> Unsere Mitarbeiter sind das Herzst\u00fcck unseres Unternehmens. Wir investieren in ihre kontinuierliche Weiterbildung und schaffen ein Arbeitsumfeld, das Innovation und Teamarbeit f\u00f6rdert.<\/li>\n<li><strong>Fehlervermeidung statt Fehlerkorrektur:<\/strong> Durch pr\u00e4ventive Ma\u00dfnahmen und Risikoanalysen streben wir danach, Fehler im Vorfeld zu vermeiden, anstatt sie nachtr\u00e4glich zu korrigieren.<\/li>\n<\/ul>\n\t\t\t\t\t\t\t\t<\/div>\n\t\t\t\t<\/div>\n\t\t\t\t<div class=\"elementor-element elementor-element-ad5a1e4 elementor-widget elementor-widget-heading\" data-id=\"ad5a1e4\" data-element_type=\"widget\" data-e-type=\"widget\" data-widget_type=\"heading.default\">\n\t\t\t\t<div class=\"elementor-widget-container\">\n\t\t\t\t\t<h3 class=\"elementor-heading-title elementor-size-default\">2. Umweltgrunds\u00e4tze:<\/h3>\t\t\t\t<\/div>\n\t\t\t\t<\/div>\n\t\t\t\t<div class=\"elementor-element elementor-element-6b5de41 elementor-widget elementor-widget-text-editor\" data-id=\"6b5de41\" data-element_type=\"widget\" data-e-type=\"widget\" data-widget_type=\"text-editor.default\">\n\t\t\t\t<div class=\"elementor-widget-container\">\n\t\t\t\t\t\t\t\t\t<ul style=\"font-weight: 400;\">\n<li><strong>Ressourcenschonung:<\/strong> Wir setzen uns daf\u00fcr ein, nat\u00fcrliche Ressourcen effizient zu nutzen und Abf\u00e4lle zu minimieren. Dies erreichen wir durch Recycling, Wiederverwendung und die Implementierung energieeffizienter Prozesse.<\/li>\n<li><strong>Umweltfreundliche Produkte:<\/strong> Wir entwickeln und f\u00f6rdern Produkte und Dienstleistungen, die umweltfreundlich sind und den gesamten Lebenszyklus \u00fcber nachhaltige Vorteile bieten.<\/li>\n<li><strong>Einhaltung von Vorschriften:<\/strong> Wir verpflichten uns, alle relevanten Umweltgesetze und -vorschriften einzuhalten und dar\u00fcber hinaus freiwillige Umweltstandards zu erf\u00fcllen, wo immer m\u00f6glich.<\/li>\n<li><strong>Vermeidung von Umweltverschmutzung:<\/strong> Durch gezielte Ma\u00dfnahmen verhindern wir Umweltverschmutzung und minimieren unseren \u00f6kologischen Fu\u00dfabdruck.<\/li>\n<\/ul>\n\t\t\t\t\t\t\t\t<\/div>\n\t\t\t\t<\/div>\n\t\t\t\t<div class=\"elementor-element elementor-element-fa49707 elementor-widget elementor-widget-heading\" data-id=\"fa49707\" data-element_type=\"widget\" data-e-type=\"widget\" data-widget_type=\"heading.default\">\n\t\t\t\t<div class=\"elementor-widget-container\">\n\t\t\t\t\t<h3 class=\"elementor-heading-title elementor-size-default\">3. Umsetzung und Verantwortlichkeiten:<\/h3>\t\t\t\t<\/div>\n\t\t\t\t<\/div>\n\t\t\t\t<div class=\"elementor-element elementor-element-ab40bd6 elementor-widget elementor-widget-text-editor\" data-id=\"ab40bd6\" data-element_type=\"widget\" data-e-type=\"widget\" data-widget_type=\"text-editor.default\">\n\t\t\t\t<div class=\"elementor-widget-container\">\n\t\t\t\t\t\t\t\t\t<ul style=\"font-weight: 400;\">\n<li><strong>Managementverantwortung:<\/strong> Das Managementteam ist verantwortlich f\u00fcr die Umsetzung und Einhaltung dieser Qualit\u00e4ts- und Umweltpolitik. Dies beinhaltet die Bereitstellung der notwendigen Ressourcen und die Schaffung einer Unternehmenskultur, die Qualit\u00e4t und Umweltschutz priorisiert.<\/li>\n<li><strong>Mitarbeiterbeteiligung:<\/strong> Jeder Mitarbeiter tr\u00e4gt die Verantwortung, die Qualit\u00e4ts- und Umweltgrunds\u00e4tze in seinem t\u00e4glichen Arbeitsumfeld umzusetzen. Wir ermutigen unsere Mitarbeiter, aktiv an der Identifizierung und Umsetzung von Verbesserungsma\u00dfnahmen mitzuwirken.<\/li>\n<li><strong>Lieferanten und Partner:<\/strong> Wir arbeiten eng mit unseren Lieferanten und Gesch\u00e4ftspartnern zusammen, um sicherzustellen, dass auch sie unsere Qualit\u00e4ts- und Umweltstandards einhalten.<\/li>\n<\/ul>\n\t\t\t\t\t\t\t\t<\/div>\n\t\t\t\t<\/div>\n\t\t\t\t<div class=\"elementor-element elementor-element-b946006 elementor-widget elementor-widget-heading\" data-id=\"b946006\" data-element_type=\"widget\" data-e-type=\"widget\" data-widget_type=\"heading.default\">\n\t\t\t\t<div class=\"elementor-widget-container\">\n\t\t\t\t\t<h3 class=\"elementor-heading-title elementor-size-default\">4. Kommunikation und Schulung:<\/h3>\t\t\t\t<\/div>\n\t\t\t\t<\/div>\n\t\t\t\t<div class=\"elementor-element elementor-element-c680d2d elementor-widget elementor-widget-text-editor\" data-id=\"c680d2d\" data-element_type=\"widget\" data-e-type=\"widget\" data-widget_type=\"text-editor.default\">\n\t\t\t\t<div class=\"elementor-widget-container\">\n\t\t\t\t\t\t\t\t\t<ul style=\"font-weight: 400;\">\n<li><strong>Transparenz:<\/strong> Wir informieren regelm\u00e4\u00dfig \u00fcber unsere Qualit\u00e4ts- und Umweltziele, Fortschritte und Herausforderungen. Dies erfolgt durch interne Kommunikation sowie durch Berichterstattung an unsere Kunden und Partner.<\/li>\n<li><strong>Schulung und Bewusstseinsbildung:<\/strong> Wir bieten unseren Mitarbeitern regelm\u00e4\u00dfige Schulungen an, um das Bewusstsein f\u00fcr Qualit\u00e4ts- und Umweltthemen zu sch\u00e4rfen und sicherzustellen, dass sie \u00fcber das notwendige Wissen und die F\u00e4higkeiten verf\u00fcgen, um diese Politik umzusetzen.<\/li>\n<\/ul>\n\t\t\t\t\t\t\t\t<\/div>\n\t\t\t\t<\/div>\n\t\t\t\t<div class=\"elementor-element elementor-element-de970d1 elementor-widget elementor-widget-heading\" data-id=\"de970d1\" data-element_type=\"widget\" data-e-type=\"widget\" data-widget_type=\"heading.default\">\n\t\t\t\t<div class=\"elementor-widget-container\">\n\t\t\t\t\t<h3 class=\"elementor-heading-title elementor-size-default\">5. Zielsetzung und \u00dcberpr\u00fcfung:<\/h3>\t\t\t\t<\/div>\n\t\t\t\t<\/div>\n\t\t\t\t<div class=\"elementor-element elementor-element-bd398ab elementor-widget elementor-widget-text-editor\" data-id=\"bd398ab\" data-element_type=\"widget\" data-e-type=\"widget\" data-widget_type=\"text-editor.default\">\n\t\t\t\t<div class=\"elementor-widget-container\">\n\t\t\t\t\t\t\t\t\t<ul style=\"font-weight: 400;\">\n<li><strong>Qualit\u00e4ts- und Umweltziele:<\/strong> Wir setzen uns messbare Qualit\u00e4ts- und Umweltziele und \u00fcberpr\u00fcfen regelm\u00e4\u00dfig unsere Fortschritte. Diese Ziele werden j\u00e4hrlich bewertet und bei Bedarf angepasst, um kontinuierliche Verbesserungen zu gew\u00e4hrleisten.<\/li>\n<li><strong>Audits und Bewertungen:<\/strong> Regelm\u00e4\u00dfige interne und externe Audits helfen uns, die Wirksamkeit unserer Qualit\u00e4ts- und Umweltmanagementsysteme zu bewerten und Verbesserungspotenziale zu identifizieren.<\/li>\n<\/ul>\n\t\t\t\t\t\t\t\t<\/div>\n\t\t\t\t<\/div>\n\t\t\t\t<div class=\"elementor-element elementor-element-b3f2a24 elementor-widget elementor-widget-text-editor\" data-id=\"b3f2a24\" data-element_type=\"widget\" data-e-type=\"widget\" data-widget_type=\"text-editor.default\">\n\t\t\t\t<div class=\"elementor-widget-container\">\n\t\t\t\t\t\t\t\t\t<p>Das Managementsystem erf\u00e4hrt <strong>uneingeschr\u00e4nkte Unterst\u00fctzung und F\u00f6rderung durch die Gesch\u00e4ftsf\u00fchrung.<\/strong> Die Moderne Verpackung Carl Bernh. Hoffmann GmbH in Wetter (Ruhr) ist entschlossen, durch konsequente Anwendung dieser Qualit\u00e4ts- und Umweltpolitik eine f\u00fchrende Rolle in unserer Branche einzunehmen. Wir glauben, dass Exzellenz in Qualit\u00e4t und Umweltbewusstsein untrennbar miteinander verbunden sind und einen wesentlichen Beitrag zum langfristigen Erfolg unseres Unternehmens leisten. Unsere Unternehmenspolitik wird von der Gesch\u00e4ftsf\u00fchrung festgelegt. Die Zweckm\u00e4\u00dfigkeit und Angemessenheit wird j\u00e4hrlich \u00fcberpr\u00fcft und wenn n\u00f6tig angepasst.<\/p>\n\t\t\t\t\t\t\t\t<\/div>\n\t\t\t\t<\/div>\n\t\t\t\t\t<\/div>\n\t\t<\/div>\n\t\t\t\t\t<\/div>\n\t\t<\/section>\n\t\t\t\t<\/div>\n\t\t","protected":false},"excerpt":{"rendered":"<p>scroll down Corporate policy Values that determine our actions The primary objective of Carl Bernh. Hoffmann GmbH is to offer customers only goods and services that meet their requirements and are of high quality. Realization and maintenance of this claim are the essential basis for the long-term success of the company and the constantly growing [&hellip;]<\/p>\n","protected":false},"author":2,"featured_media":2983,"parent":2917,"menu_order":0,"comment_status":"closed","ping_status":"closed","template":"elementor_header_footer","meta":{"footnotes":""},"class_list":["post-2982","page","type-page","status-publish","has-post-thumbnail","hentry"],"_links":{"self":[{"href":"https:\/\/www.schutzverpackung.eu\/en\/wp-json\/wp\/v2\/pages\/2982","targetHints":{"allow":["GET"]}}],"collection":[{"href":"https:\/\/www.schutzverpackung.eu\/en\/wp-json\/wp\/v2\/pages"}],"about":[{"href":"https:\/\/www.schutzverpackung.eu\/en\/wp-json\/wp\/v2\/types\/page"}],"author":[{"embeddable":true,"href":"https:\/\/www.schutzverpackung.eu\/en\/wp-json\/wp\/v2\/users\/2"}],"replies":[{"embeddable":true,"href":"https:\/\/www.schutzverpackung.eu\/en\/wp-json\/wp\/v2\/comments?post=2982"}],"version-history":[{"count":0,"href":"https:\/\/www.schutzverpackung.eu\/en\/wp-json\/wp\/v2\/pages\/2982\/revisions"}],"up":[{"embeddable":true,"href":"https:\/\/www.schutzverpackung.eu\/en\/wp-json\/wp\/v2\/pages\/2917"}],"wp:featuredmedia":[{"embeddable":true,"href":"https:\/\/www.schutzverpackung.eu\/en\/wp-json\/wp\/v2\/media\/2983"}],"wp:attachment":[{"href":"https:\/\/www.schutzverpackung.eu\/en\/wp-json\/wp\/v2\/media?parent=2982"}],"curies":[{"name":"wp","href":"https:\/\/api.w.org\/{rel}","templated":true}]}}