{"id":3708,"date":"2022-03-08T13:03:13","date_gmt":"2022-03-08T12:03:13","guid":{"rendered":"https:\/\/www.schutzverpackung.eu\/?page_id=3708"},"modified":"2025-07-24T09:33:37","modified_gmt":"2025-07-24T07:33:37","slug":"karriere","status":"publish","type":"page","link":"https:\/\/www.schutzverpackung.eu\/en\/hoffmann-gruppe\/karriere\/","title":{"rendered":"Karriere"},"content":{"rendered":"\t\t<div data-elementor-type=\"wp-page\" data-elementor-id=\"3708\" class=\"elementor elementor-3708\" data-elementor-post-type=\"page\">\n\t\t\t\t\t\t<section class=\"elementor-section elementor-top-section elementor-element elementor-element-57930f5 elementor-section-full_width elementor-section-height-default elementor-section-height-default\" data-id=\"57930f5\" data-element_type=\"section\" data-e-type=\"section\">\n\t\t\t\t\t\t<div class=\"elementor-container elementor-column-gap-no\">\n\t\t\t\t\t<div class=\"elementor-column elementor-col-100 elementor-top-column elementor-element elementor-element-c9847c8 animated-slow elementor-invisible\" data-id=\"c9847c8\" data-element_type=\"column\" data-e-type=\"column\" data-settings=\"{&quot;background_background&quot;:&quot;classic&quot;,&quot;background_motion_fx_motion_fx_scrolling&quot;:&quot;yes&quot;,&quot;background_motion_fx_translateY_effect&quot;:&quot;yes&quot;,&quot;animation&quot;:&quot;fadeIn&quot;,&quot;animation_delay&quot;:100,&quot;background_motion_fx_translateY_speed&quot;:{&quot;unit&quot;:&quot;px&quot;,&quot;size&quot;:4,&quot;sizes&quot;:[]},&quot;background_motion_fx_translateY_affectedRange&quot;:{&quot;unit&quot;:&quot;%&quot;,&quot;size&quot;:&quot;&quot;,&quot;sizes&quot;:{&quot;start&quot;:0,&quot;end&quot;:100}},&quot;background_motion_fx_devices&quot;:[&quot;desktop&quot;,&quot;tablet&quot;,&quot;mobile&quot;]}\">\n\t\t\t<div class=\"elementor-widget-wrap elementor-element-populated\">\n\t\t\t\t\t\t<div class=\"elementor-element elementor-element-124d3f1 elementor-widget elementor-widget-spacer\" data-id=\"124d3f1\" data-element_type=\"widget\" data-e-type=\"widget\" data-widget_type=\"spacer.default\">\n\t\t\t\t<div class=\"elementor-widget-container\">\n\t\t\t\t\t\t\t<div class=\"elementor-spacer\">\n\t\t\t<div class=\"elementor-spacer-inner\"><\/div>\n\t\t<\/div>\n\t\t\t\t\t\t<\/div>\n\t\t\t\t<\/div>\n\t\t\t\t<div class=\"elementor-element elementor-element-18e0ded elementor-widget__width-auto elementor-absolute elementor-hidden-tablet elementor-hidden-phone elementor-widget elementor-widget-html\" data-id=\"18e0ded\" data-element_type=\"widget\" data-e-type=\"widget\" data-settings=\"{&quot;_position&quot;:&quot;absolute&quot;}\" data-widget_type=\"html.default\">\n\t\t\t\t<div class=\"elementor-widget-container\">\n\t\t\t\t\t<div class=\"scroll-rotate\">\n<span class=\"scroll-text \">Herunterscrollen<\/span><\/div>\n<img decoding=\"async\" class=\"vertikale-linie\" src=\"https:\/\/www.schutzverpackung.eu\/wp-content\/uploads\/2020\/02\/scroll-element.svg\" alt=\"\" title=\"\">\t\t\t\t<\/div>\n\t\t\t\t<\/div>\n\t\t\t\t\t<\/div>\n\t\t<\/div>\n\t\t\t\t\t<\/div>\n\t\t<\/section>\n\t\t\t\t<section class=\"elementor-section elementor-top-section elementor-element elementor-element-74e4c31 elementor-section-full_width elementor-section-height-default elementor-section-height-default\" data-id=\"74e4c31\" data-element_type=\"section\" data-e-type=\"section\">\n\t\t\t\t\t\t<div class=\"elementor-container elementor-column-gap-no\">\n\t\t\t\t\t<div class=\"elementor-column elementor-col-50 elementor-top-column elementor-element elementor-element-62cb0d9 elementor-invisible\" data-id=\"62cb0d9\" data-element_type=\"column\" data-e-type=\"column\" data-settings=\"{&quot;background_background&quot;:&quot;classic&quot;,&quot;animation&quot;:&quot;slideInLeft&quot;,&quot;animation_delay&quot;:0}\">\n\t\t\t<div class=\"elementor-widget-wrap elementor-element-populated\">\n\t\t\t\t\t\t<div class=\"elementor-element elementor-element-0bd2d03 elementor-widget elementor-widget-heading\" data-id=\"0bd2d03\" data-element_type=\"widget\" data-e-type=\"widget\" data-widget_type=\"heading.default\">\n\t\t\t\t<div class=\"elementor-widget-container\">\n\t\t\t\t\t<h1 class=\"elementor-heading-title elementor-size-default\">Karriere<\/h1>\t\t\t\t<\/div>\n\t\t\t\t<\/div>\n\t\t\t\t<div class=\"elementor-element elementor-element-106830f elementor-widget elementor-widget-heading\" data-id=\"106830f\" data-element_type=\"widget\" data-e-type=\"widget\" data-widget_type=\"heading.default\">\n\t\t\t\t<div class=\"elementor-widget-container\">\n\t\t\t\t\t<h2 class=\"elementor-heading-title elementor-size-default\">Willkommen in einem motivierten Team!<\/h2>\t\t\t\t<\/div>\n\t\t\t\t<\/div>\n\t\t\t\t<div class=\"elementor-element elementor-element-a131a37 elementor-widget elementor-widget-text-editor\" data-id=\"a131a37\" data-element_type=\"widget\" data-e-type=\"widget\" data-widget_type=\"text-editor.default\">\n\t\t\t\t<div class=\"elementor-widget-container\">\n\t\t\t\t\t\t\t\t\t<p>Als familiengef\u00fchrtes, mittelst\u00e4ndisches Unternehmen legt Hoffmann Verpackung als Arbeitgeber Wert auf ein teamorientiertes, kommunikatives Arbeiten. Der Wille, gemeinsam erfolgreich zu sein, Freude an den vielf\u00e4ltigen M\u00f6glichkeiten in der Welt der Verpackungen und verantwortungsvolles Arbeiten sind einige der wichtigsten Eigenschaften, die unsere Teams pr\u00e4gen.<\/p><p>Eine pers\u00f6nliche Unternehmensleitung und kurze Kommunikationswege schaffen F\u00f6rderung und Forderung. Ziel unseres Handelns ist es somit, unsere Arbeit auf dem Weg, stets die optimale Verpackungsl\u00f6sung anzubieten, kontinuierlich zu optimieren.<\/p>\t\t\t\t\t\t\t\t<\/div>\n\t\t\t\t<\/div>\n\t\t\t\t<div class=\"elementor-element elementor-element-f254dc8 elementor-widget elementor-widget-text-editor\" data-id=\"f254dc8\" data-element_type=\"widget\" data-e-type=\"widget\" data-widget_type=\"text-editor.default\">\n\t\t\t\t<div class=\"elementor-widget-container\">\n\t\t\t\t\t\t\t\t\t<h5><strong>Gender Hinweis<\/strong><\/h5><p>Aus Gr\u00fcnden der besseren Lesbarkeit wird bei Personenbezeichnungen und personenbezogenen Hauptw\u00f6rtern auf dieser Website die m\u00e4nnliche Form verwendet. Entsprechende Begriffe gelten im Sinne der Gleichbehandlung grunds\u00e4tzlich f\u00fcr alle Geschlechter. Die verk\u00fcrzte Sprachform hat nur redaktionelle Gr\u00fcnde und beinhaltet keine Wertung.<\/p>\t\t\t\t\t\t\t\t<\/div>\n\t\t\t\t<\/div>\n\t\t\t\t\t<\/div>\n\t\t<\/div>\n\t\t\t\t<div class=\"elementor-column elementor-col-50 elementor-top-column elementor-element elementor-element-b6cea80 elementor-hidden-tablet elementor-hidden-phone\" data-id=\"b6cea80\" data-element_type=\"column\" data-e-type=\"column\">\n\t\t\t<div class=\"elementor-widget-wrap elementor-element-populated\">\n\t\t\t\t\t\t<div class=\"elementor-element elementor-element-185a126 elementor-view-default elementor-widget elementor-widget-icon\" data-id=\"185a126\" data-element_type=\"widget\" data-e-type=\"widget\" data-widget_type=\"icon.default\">\n\t\t\t\t<div class=\"elementor-widget-container\">\n\t\t\t\t\t\t\t<div class=\"elementor-icon-wrapper\">\n\t\t\t<div class=\"elementor-icon\">\n\t\t\t<svg xmlns=\"http:\/\/www.w3.org\/2000\/svg\" viewBox=\"0 0 89.05 74.53\"><title>Karriere_Icon_gross<\/title><g data-name=\"Ebene 2\"><g data-name=\"Ebene 1\"><path d=\"M0,12.48V74.53H89.05v-62ZM1.3,73.23V52.15H16.86v8.47a1.65,1.65,0,0,0,1.65,1.65h8.12a1.65,1.65,0,0,0,1.65-1.65V45.75a1.65,1.65,0,0,0-1.65-1.65H18.51a1.65,1.65,0,0,0-1.65,1.65v5.1H1.3V13.78H87.75V50.85H72.16v-5.1a1.65,1.65,0,0,0-1.65-1.65H62.38a1.65,1.65,0,0,0-1.65,1.65v5.1H28.5v1.3H60.73v8.47a1.65,1.65,0,0,0,1.65,1.65h8.13a1.65,1.65,0,0,0,1.65-1.65V52.15H87.75V73.23ZM18.16,60.62V45.75a.35.35,0,0,1,.35-.35h8.12a.35.35,0,0,1,.35.35V60.62a.36.36,0,0,1-.35.36H18.51A.35.35,0,0,1,18.16,60.62Zm52.7-14.87V60.62a.36.36,0,0,1-.35.36H62.38a.36.36,0,0,1-.35-.36V45.75a.35.35,0,0,1,.35-.35h8.13A.35.35,0,0,1,70.86,45.75Zm-42-33.69H27.6V9.17A9.19,9.19,0,0,1,36.78,0H52.27a9.19,9.19,0,0,1,9.18,9.17v2.89h-1.3V9.17A7.88,7.88,0,0,0,52.27,1.3H36.78A7.88,7.88,0,0,0,28.9,9.17Z\"><\/path><\/g><\/g><\/svg>\t\t\t<\/div>\n\t\t<\/div>\n\t\t\t\t\t\t<\/div>\n\t\t\t\t<\/div>\n\t\t\t\t<div class=\"elementor-element elementor-element-f0c69b3 elementor-widget elementor-widget-tp-carousel-remote\" data-id=\"f0c69b3\" data-element_type=\"widget\" data-e-type=\"widget\" data-widget_type=\"tp-carousel-remote.default\">\n\t\t\t\t<div class=\"elementor-widget-container\">\n\t\t\t\t\t<div  class=\"theplus-carousel-remote remote-carousel  remote69e5b6d84482b\" data-id=\"remote69e5b6d84482b\" data-remote=\"carousel\"    data-remotedata=\"{&quot;u_id&quot;:&quot;kontakt-slider&quot;,&quot;widgetid&quot;:&quot;f0c69b3&quot;,&quot;paginate&quot;:0}\"><div class=\"slider-nav-next-prev\"><a href=\"#\" class=\"custom-nav-remote  nav-prev-slide \" data-id=\"tpca_kontakt-slider\" data-nav=\"prev\"><span class=\"nav-icon\"><img decoding=\"async\" width=\"12\" height=\"20\" src=\"https:\/\/www.schutzverpackung.eu\/wp-content\/uploads\/2020\/02\/chevron-left.svg\" class=\"attachment-full size-full\" alt=\"chevron-left\" title=\"\"><\/span><\/a><a href=\"#\" class=\"custom-nav-remote  nav-next-slide\" data-id=\"tpca_kontakt-slider\" data-nav=\"next\"><span class=\"nav-icon\"><img decoding=\"async\" width=\"12\" height=\"20\" src=\"https:\/\/www.schutzverpackung.eu\/wp-content\/uploads\/2020\/02\/chevron-right.svg\" class=\"attachment-full size-full\" alt=\"chevron-right\" title=\"\"><\/span><\/a><\/div><\/div>\t\t\t\t<\/div>\n\t\t\t\t<\/div>\n\t\t\t\t\t<\/div>\n\t\t<\/div>\n\t\t\t\t\t<\/div>\n\t\t<\/section>\n\t\t\t\t<section class=\"elementor-section elementor-top-section elementor-element elementor-element-2cc3d00 elementor-section-boxed elementor-section-height-default elementor-section-height-default\" data-id=\"2cc3d00\" data-element_type=\"section\" data-e-type=\"section\" data-settings=\"{&quot;background_background&quot;:&quot;classic&quot;}\">\n\t\t\t\t\t\t<div class=\"elementor-container elementor-column-gap-default\">\n\t\t\t\t\t<div class=\"elementor-column elementor-col-100 elementor-top-column elementor-element elementor-element-ac1eb52\" data-id=\"ac1eb52\" data-element_type=\"column\" data-e-type=\"column\">\n\t\t\t<div class=\"elementor-widget-wrap\">\n\t\t\t\t\t\t\t<\/div>\n\t\t<\/div>\n\t\t\t\t\t<\/div>\n\t\t<\/section>\n\t\t\t\t<section class=\"elementor-section elementor-top-section elementor-element elementor-element-c9c5cad elementor-section-full_width elementor-section-height-default elementor-section-height-default\" data-id=\"c9c5cad\" data-element_type=\"section\" data-e-type=\"section\">\n\t\t\t\t\t\t<div class=\"elementor-container elementor-column-gap-no\">\n\t\t\t\t\t<div class=\"elementor-column elementor-col-100 elementor-top-column elementor-element elementor-element-c566082 elementor-invisible\" data-id=\"c566082\" data-element_type=\"column\" data-e-type=\"column\" data-settings=\"{&quot;animation&quot;:&quot;fadeIn&quot;,&quot;background_background&quot;:&quot;classic&quot;}\">\n\t\t\t<div class=\"elementor-widget-wrap elementor-element-populated\">\n\t\t\t\t\t\t<div class=\"elementor-element elementor-element-839e8d1 elementor-widget elementor-widget-tp-carousel-anything\" data-id=\"839e8d1\" data-element_type=\"widget\" data-e-type=\"widget\" data-widget_type=\"tp-carousel-anything.default\">\n\t\t\t\t<div class=\"elementor-widget-container\">\n\t\t\t\t\t \n\t\t<div id=\"tpca_kontakt-slider\" class=\"theplus-carousel-anything-wrapper list-carousel-slick   tpca_kontakt-slider    \"data-id=\"tpca_kontakt-slider\" data-connection=\"tptab_kontakt-slider\"  data-result=\"{&quot;carousel_direction&quot;:&quot;ltr&quot;}\" dir=ltr  data-slider_direction=\"false\" data-slide_speed=\"1500\" data-slide_fade_inout=\"false\" data-slider_desktop_column=\"1\" data-steps_slide=\"1\" data-slider_draggable=\"true\" data-multi_drag=\"false\" data-slider_infinite=\"true\" data-slider_pause_hover=\"false\" data-slider_adaptive_height=\"false\" data-slider_animation=\"ease\" data-slider_autoplay=\"false\" data-autoplay_speed=\"3000\" data-slider_tablet_column=\"1\" data-tablet_steps_slide=\"1\" data-slider_responsive_tablet=\"yes\" data-tablet_slider_draggable=\"false\" data-tablet_slider_infinite=\"true\" data-tablet_slider_autoplay=\"false\" data-tablet_autoplay_speed=\"1500\" data-tablet_slider_dots=\"false\" data-tablet_slider_dots_style=\"slick-dots style-1\"  data-tablet_slider_arrows=\"false\" data-tablet_slider_rows=\"1\" data-tablet_slider_arrows_style=\"style-1\"  data-tablet_arrows_position=\"top-right\"  data-tablet_arrow_bg_color=\"#c44d48\"  data-tablet_arrow_icon_color=\"#fff\"  data-tablet_arrow_hover_bg_color=\"#fff\"  data-tablet_arrow_hover_icon_color=\"#c44d48\"  data-tablet_center_mode=\"false\"  data-tablet_center_padding=\"0\"  data-slider_mobile_column=\"1\" data-mobile_steps_slide=\"1\" data-slider_responsive_mobile=\"yes\" data-mobile_slider_draggable=\"false\" data-mobile_slider_infinite=\"true\" data-mobile_slider_autoplay=\"false\" data-mobile_autoplay_speed=\"1500\" data-mobile_slider_dots=\"false\" data-mobile_slider_dots_style=\"slick-dots style-1\"  data-mobile_slider_arrows=\"false\" data-mobile_slider_rows=\"1\" data-mobile_slider_arrows_style=\"style-1\"  data-mobile_arrows_position=\"top-right\"  data-mobile_arrow_bg_color=\"#c44d48\"  data-mobile_arrow_icon_color=\"#fff\"  data-mobile_arrow_hover_bg_color=\"#fff\"  data-mobile_arrow_hover_icon_color=\"#c44d48\"  data-mobile_center_mode=\"false\"  data-mobile_center_padding=\"0\"  data-slider_dots=\"false\" data-slider_dots_style=\"slick-dots style-1\"  data-slider_arrows=\"false\" data-slider_arrows_style=\"style-1\"  data-arrows_position=\"top-right\"  data-arrow_bg_color=\"#c44d48\"  data-arrow_icon_color=\"#fff\"  data-arrow_hover_bg_color=\"#fff\"  data-arrow_hover_icon_color=\"#c44d48\"  data-slider_center_mode=\"true\"  data-center_padding=\"400\"  data-scale_center_slide=\"1\"  data-scale_normal_slide=\"0.8\"  data-opacity_normal_slide=\"0.7\"  data-slider_rows=\"1\"   data-carousel-bg-conn=\"bgcarouselkontakt-slider\">\n\t\t\t<div class=\"plus-carousel-inner post-inner-loop\">\n\t\t\t\t\t\t\t\t<div id=\"slide-content-1381\" class=\"plus-slide-content grid-item \">\n\t\t\t\t\t\t<div class=\"slide-content-inner\">\n\t\t\t\t\t\t\t<div class=\"plus-content-editor\">\t\t<div data-elementor-type=\"section\" data-elementor-id=\"3363\" class=\"elementor elementor-3363 elementor-1024 elementor-1024\" data-elementor-post-type=\"elementor_library\">\n\t\t\t\t\t<section class=\"elementor-section elementor-top-section elementor-element elementor-element-6521e3ee elementor-section-full_width elementor-section-height-default elementor-section-height-default\" data-id=\"6521e3ee\" data-element_type=\"section\" data-e-type=\"section\">\n\t\t\t\t\t\t<div class=\"elementor-container elementor-column-gap-no\">\n\t\t\t\t\t<div class=\"elementor-column elementor-col-100 elementor-top-column elementor-element elementor-element-45538471\" data-id=\"45538471\" data-element_type=\"column\" data-e-type=\"column\" data-settings=\"{&quot;background_background&quot;:&quot;classic&quot;}\">\n\t\t\t<div class=\"elementor-widget-wrap elementor-element-populated\">\n\t\t\t\t\t\t<div class=\"elementor-element elementor-element-2d0466a1 elementor-widget elementor-widget-image\" data-id=\"2d0466a1\" data-element_type=\"widget\" data-e-type=\"widget\" data-widget_type=\"image.default\">\n\t\t\t\t<div class=\"elementor-widget-container\">\n\t\t\t\t\t\t\t\t\t\t\t\t\t\t\t<img decoding=\"async\" width=\"1500\" height=\"1001\" src=\"https:\/\/www.schutzverpackung.eu\/wp-content\/uploads\/2020\/03\/Karriere_Unterseite_Slider1.jpg\" class=\"attachment-full size-full wp-image-2902\" alt=\"Karriere_Unterseite_Slider1\" srcset=\"https:\/\/www.schutzverpackung.eu\/wp-content\/uploads\/2020\/03\/Karriere_Unterseite_Slider1.jpg 1500w, https:\/\/www.schutzverpackung.eu\/wp-content\/uploads\/2020\/03\/Karriere_Unterseite_Slider1-300x200.jpg 300w, https:\/\/www.schutzverpackung.eu\/wp-content\/uploads\/2020\/03\/Karriere_Unterseite_Slider1-1024x683.jpg 1024w, https:\/\/www.schutzverpackung.eu\/wp-content\/uploads\/2020\/03\/Karriere_Unterseite_Slider1-768x513.jpg 768w\" sizes=\"(max-width: 1500px) 100vw, 1500px\" title=\"\">\t\t\t\t\t\t\t\t\t\t\t\t\t\t\t<\/div>\n\t\t\t\t<\/div>\n\t\t\t\t\t<\/div>\n\t\t<\/div>\n\t\t\t\t\t<\/div>\n\t\t<\/section>\n\t\t\t\t<\/div>\n\t\t<\/div>\t\t\t\t\t\t\t\t\t\t\t\t\t\n\t\t\t\t\t\t<\/div>\n\t\t\t\t\t<\/div>\n\t\t\t\t\t\t\t\t\t\t<div id=\"slide-content-1382\" class=\"plus-slide-content grid-item \">\n\t\t\t\t\t\t<div class=\"slide-content-inner\">\n\t\t\t\t\t\t\t<div class=\"plus-content-editor\">\t\t<div data-elementor-type=\"section\" data-elementor-id=\"3361\" class=\"elementor elementor-3361 elementor-1032 elementor-1032\" data-elementor-post-type=\"elementor_library\">\n\t\t\t\t\t<section class=\"elementor-section elementor-top-section elementor-element elementor-element-e4e6997 elementor-section-full_width elementor-section-height-default elementor-section-height-default\" data-id=\"e4e6997\" data-element_type=\"section\" data-e-type=\"section\">\n\t\t\t\t\t\t<div class=\"elementor-container elementor-column-gap-no\">\n\t\t\t\t\t<div class=\"elementor-column elementor-col-100 elementor-top-column elementor-element elementor-element-10c2e136\" data-id=\"10c2e136\" data-element_type=\"column\" data-e-type=\"column\" data-settings=\"{&quot;background_background&quot;:&quot;classic&quot;}\">\n\t\t\t<div class=\"elementor-widget-wrap elementor-element-populated\">\n\t\t\t\t\t\t<div class=\"elementor-element elementor-element-35f3df98 elementor-widget elementor-widget-image\" data-id=\"35f3df98\" data-element_type=\"widget\" data-e-type=\"widget\" data-widget_type=\"image.default\">\n\t\t\t\t<div class=\"elementor-widget-container\">\n\t\t\t\t\t\t\t\t\t\t\t\t\t\t\t<img decoding=\"async\" width=\"1500\" height=\"1001\" src=\"https:\/\/www.schutzverpackung.eu\/wp-content\/uploads\/2020\/03\/Karriere_Unterseite_Slider4.jpg\" class=\"attachment-full size-full wp-image-2904\" alt=\"Karriere_Unterseite_Slider4\" srcset=\"https:\/\/www.schutzverpackung.eu\/wp-content\/uploads\/2020\/03\/Karriere_Unterseite_Slider4.jpg 1500w, https:\/\/www.schutzverpackung.eu\/wp-content\/uploads\/2020\/03\/Karriere_Unterseite_Slider4-300x200.jpg 300w, https:\/\/www.schutzverpackung.eu\/wp-content\/uploads\/2020\/03\/Karriere_Unterseite_Slider4-1024x683.jpg 1024w, https:\/\/www.schutzverpackung.eu\/wp-content\/uploads\/2020\/03\/Karriere_Unterseite_Slider4-768x513.jpg 768w\" sizes=\"(max-width: 1500px) 100vw, 1500px\" title=\"\">\t\t\t\t\t\t\t\t\t\t\t\t\t\t\t<\/div>\n\t\t\t\t<\/div>\n\t\t\t\t\t<\/div>\n\t\t<\/div>\n\t\t\t\t\t<\/div>\n\t\t<\/section>\n\t\t\t\t<\/div>\n\t\t<\/div>\t\t\t\t\t\t\t\t\t\t\t\t\t\n\t\t\t\t\t\t<\/div>\n\t\t\t\t\t<\/div>\n\t\t\t\t\t\t\t\t\t\t<div id=\"slide-content-1383\" class=\"plus-slide-content grid-item \">\n\t\t\t\t\t\t<div class=\"slide-content-inner\">\n\t\t\t\t\t\t\t<div class=\"plus-content-editor\">\t\t<div data-elementor-type=\"section\" data-elementor-id=\"3356\" class=\"elementor elementor-3356 elementor-1036 elementor-1036\" data-elementor-post-type=\"elementor_library\">\n\t\t\t\t\t<section class=\"elementor-section elementor-top-section elementor-element elementor-element-3e5e2213 elementor-section-full_width elementor-section-height-default elementor-section-height-default\" data-id=\"3e5e2213\" data-element_type=\"section\" data-e-type=\"section\">\n\t\t\t\t\t\t<div class=\"elementor-container elementor-column-gap-no\">\n\t\t\t\t\t<div class=\"elementor-column elementor-col-100 elementor-top-column elementor-element elementor-element-7cd00c74\" data-id=\"7cd00c74\" data-element_type=\"column\" data-e-type=\"column\" data-settings=\"{&quot;background_background&quot;:&quot;classic&quot;}\">\n\t\t\t<div class=\"elementor-widget-wrap elementor-element-populated\">\n\t\t\t\t\t\t<div class=\"elementor-element elementor-element-2e9498fb elementor-widget elementor-widget-image\" data-id=\"2e9498fb\" data-element_type=\"widget\" data-e-type=\"widget\" data-widget_type=\"image.default\">\n\t\t\t\t<div class=\"elementor-widget-container\">\n\t\t\t\t\t\t\t\t\t\t\t\t\t\t\t<img decoding=\"async\" width=\"1500\" height=\"1001\" src=\"https:\/\/www.schutzverpackung.eu\/wp-content\/uploads\/2020\/03\/Karriere_Unterseite_Slider2.jpg\" class=\"attachment-full size-full wp-image-2906\" alt=\"\" srcset=\"https:\/\/www.schutzverpackung.eu\/wp-content\/uploads\/2020\/03\/Karriere_Unterseite_Slider2.jpg 1500w, https:\/\/www.schutzverpackung.eu\/wp-content\/uploads\/2020\/03\/Karriere_Unterseite_Slider2-300x200.jpg 300w, https:\/\/www.schutzverpackung.eu\/wp-content\/uploads\/2020\/03\/Karriere_Unterseite_Slider2-1024x683.jpg 1024w, https:\/\/www.schutzverpackung.eu\/wp-content\/uploads\/2020\/03\/Karriere_Unterseite_Slider2-768x513.jpg 768w\" sizes=\"(max-width: 1500px) 100vw, 1500px\" title=\"\">\t\t\t\t\t\t\t\t\t\t\t\t\t\t\t<\/div>\n\t\t\t\t<\/div>\n\t\t\t\t\t<\/div>\n\t\t<\/div>\n\t\t\t\t\t<\/div>\n\t\t<\/section>\n\t\t\t\t<\/div>\n\t\t<\/div>\t\t\t\t\t\t\t\t\t\t\t\t\t\n\t\t\t\t\t\t<\/div>\n\t\t\t\t\t<\/div>\n\t\t\t\t\t\t\t\t<\/div>\n\t\t<\/div>\n\t\t\t\t\t\t<\/div>\n\t\t\t\t<\/div>\n\t\t\t\t\t<\/div>\n\t\t<\/div>\n\t\t\t\t\t<\/div>\n\t\t<\/section>\n\t\t\t\t<section class=\"elementor-section elementor-top-section elementor-element elementor-element-ce11c30 elementor-section-boxed elementor-section-height-default elementor-section-height-default\" data-id=\"ce11c30\" data-element_type=\"section\" data-e-type=\"section\">\n\t\t\t\t\t\t<div class=\"elementor-container elementor-column-gap-default\">\n\t\t\t\t\t<div class=\"elementor-column elementor-col-100 elementor-top-column elementor-element elementor-element-250468d\" data-id=\"250468d\" data-element_type=\"column\" data-e-type=\"column\">\n\t\t\t<div class=\"elementor-widget-wrap elementor-element-populated\">\n\t\t\t\t\t\t<div class=\"elementor-element elementor-element-d4e8609 elementor-widget elementor-widget-text-editor\" data-id=\"d4e8609\" data-element_type=\"widget\" data-e-type=\"widget\" data-widget_type=\"text-editor.default\">\n\t\t\t\t<div class=\"elementor-widget-container\">\n\t\t\t\t\t\t\t\t\t<p>Unsere aktuellen Stellenangebote finden Sie <span style=\"text-decoration: underline; color: #0a3966;\"><strong><a style=\"color: #0a3966; text-decoration: underline;\" href=\"https:\/\/jobs.hoffmann-verpackung.de\/jobangebote\" target=\"_blank\" rel=\"noopener\">hier<\/a><\/strong><\/span>.<\/p>\t\t\t\t\t\t\t\t<\/div>\n\t\t\t\t<\/div>\n\t\t\t\t\t<\/div>\n\t\t<\/div>\n\t\t\t\t\t<\/div>\n\t\t<\/section>\n\t\t\t\t<\/div>\n\t\t","protected":false},"excerpt":{"rendered":"<p>Herunterscrollen Karriere Willkommen in einem motivierten Team! Als familiengef\u00fchrtes, mittelst\u00e4ndisches Unternehmen legt Hoffmann Verpackung als Arbeitgeber Wert auf ein teamorientiertes, kommunikatives Arbeiten. Der Wille, gemeinsam erfolgreich zu sein, Freude an den vielf\u00e4ltigen M\u00f6glichkeiten in der Welt der Verpackungen und verantwortungsvolles Arbeiten sind einige der wichtigsten Eigenschaften, die unsere Teams pr\u00e4gen. Eine pers\u00f6nliche Unternehmensleitung und kurze [&hellip;]<\/p>\n","protected":false},"author":6,"featured_media":2454,"parent":22,"menu_order":0,"comment_status":"closed","ping_status":"closed","template":"elementor_header_footer","meta":{"footnotes":""},"class_list":["post-3708","page","type-page","status-publish","has-post-thumbnail","hentry"],"_links":{"self":[{"href":"https:\/\/www.schutzverpackung.eu\/en\/wp-json\/wp\/v2\/pages\/3708","targetHints":{"allow":["GET"]}}],"collection":[{"href":"https:\/\/www.schutzverpackung.eu\/en\/wp-json\/wp\/v2\/pages"}],"about":[{"href":"https:\/\/www.schutzverpackung.eu\/en\/wp-json\/wp\/v2\/types\/page"}],"author":[{"embeddable":true,"href":"https:\/\/www.schutzverpackung.eu\/en\/wp-json\/wp\/v2\/users\/6"}],"replies":[{"embeddable":true,"href":"https:\/\/www.schutzverpackung.eu\/en\/wp-json\/wp\/v2\/comments?post=3708"}],"version-history":[{"count":0,"href":"https:\/\/www.schutzverpackung.eu\/en\/wp-json\/wp\/v2\/pages\/3708\/revisions"}],"up":[{"embeddable":true,"href":"https:\/\/www.schutzverpackung.eu\/en\/wp-json\/wp\/v2\/pages\/22"}],"wp:featuredmedia":[{"embeddable":true,"href":"https:\/\/www.schutzverpackung.eu\/en\/wp-json\/wp\/v2\/media\/2454"}],"wp:attachment":[{"href":"https:\/\/www.schutzverpackung.eu\/en\/wp-json\/wp\/v2\/media?parent=3708"}],"curies":[{"name":"wp","href":"https:\/\/api.w.org\/{rel}","templated":true}]}}